{"id":132,"date":"2021-01-01T00:00:30","date_gmt":"2020-12-31T23:00:30","guid":{"rendered":"https:\/\/sulic.interstil.org\/?page_id=132"},"modified":"2021-05-05T21:27:20","modified_gmt":"2021-05-05T19:27:20","slug":"rtg-snimanje-zuba","status":"publish","type":"page","link":"https:\/\/sulic.interstil.org\/en\/rtg-snimanje-zuba\/","title":{"rendered":"Dental X-ray imaging"},"content":{"rendered":"<p>Dental X-ray imaging, along with visual examination, is an inseparable part of every dental checkup. This non-invasive diagnostic procedure, safe for the patient, allows the dentist to obtain an X-ray image in which he sees the internal structure of the teeth and jaws, thus gaining insight into the state of your mouth. A dental X-ray, also known as a radiographic image or just X-ray, helps diagnose potential mouth problems in patients at an early stage. This type of image also serves so that during diagnostics the dentist can detect problems that are otherwise not visible to the naked eye. In this way, symptoms are recognized and treatment of various diseases begins before they turn into a more serious problem.<\/p>\n\n\n\n<p>Dental X-ray imaging helps to more clearly identify areas affected by caries, especially when they are between teeth and under fillings, and it is used to detect problems in the root canal, presence of tumors, infections in the root or between the teeth and gums, and bone loss associated with gum diseases. This amount of radiation is safe for your children, and since it is necessary to monitor the development of their teeth that are rapidly changing, trust your dentist if he recommends that an X-ray should be taken. Pregnant women, on the other hand, are advised to avoid even minimal exposure to radiation for the health of the developing fetus.<\/p>\n\n\n\n<p>As you can conclude, dental X-ray imaging is very important for preventive analysis of dental health, but also for finding cavities, analyzing tooth roots, bones around teeth, or determining periodontal disease. At Dr. Bandi\u0107 Polyclinic, we encourage our patients to ask all the questions they have before each X-ray exposure, and our professional staff make a decision about imaging after analyzing a number of factors about each individual patient. Your images are immediately ready, and the image quality is extremely high, which allows for more precise diagnostics and less worry about the course of problem remediation. With us, you are in safe hands, and for your questions and consultation announcements, we are available six days a week.<\/p>","protected":false},"excerpt":{"rendered":"<p>RTG snimanje zuba uz vizuelni pregled neodvojiv je dio svakog stomatolo\u0161kog pregleda. Ovaj neinvazivni dijagnosti\u010dki postupak, siguran za pacijenta, stomatologu omogu\u0107ava dobijanje rendgen snimka na kojem vidi unutra\u0161nju strukturu zuba i vilice te tako sti\u010de uvid u stanje u va\u0161im ustima. Rendgen snimak zuba se jo\u0161 naziva i radiografski snimak ili samo RTG poma\u017ee da [&hellip;]<\/p>","protected":false},"author":1,"featured_media":1344,"parent":0,"menu_order":22,"comment_status":"closed","ping_status":"closed","template":"","meta":{"footnotes":""},"yst_prominent_words":[],"class_list":["post-132","page","type-page","status-publish","has-post-thumbnail","hentry"],"_links":{"self":[{"href":"https:\/\/sulic.interstil.org\/en\/wp-json\/wp\/v2\/pages\/132","targetHints":{"allow":["GET"]}}],"collection":[{"href":"https:\/\/sulic.interstil.org\/en\/wp-json\/wp\/v2\/pages"}],"about":[{"href":"https:\/\/sulic.interstil.org\/en\/wp-json\/wp\/v2\/types\/page"}],"author":[{"embeddable":true,"href":"https:\/\/sulic.interstil.org\/en\/wp-json\/wp\/v2\/users\/1"}],"replies":[{"embeddable":true,"href":"https:\/\/sulic.interstil.org\/en\/wp-json\/wp\/v2\/comments?post=132"}],"version-history":[{"count":0,"href":"https:\/\/sulic.interstil.org\/en\/wp-json\/wp\/v2\/pages\/132\/revisions"}],"wp:featuredmedia":[{"embeddable":true,"href":"https:\/\/sulic.interstil.org\/en\/wp-json\/wp\/v2\/media\/1344"}],"wp:attachment":[{"href":"https:\/\/sulic.interstil.org\/en\/wp-json\/wp\/v2\/media?parent=132"}],"wp:term":[{"taxonomy":"yst_prominent_words","embeddable":true,"href":"https:\/\/sulic.interstil.org\/en\/wp-json\/wp\/v2\/yst_prominent_words?post=132"}],"curies":[{"name":"wp","href":"https:\/\/api.w.org\/{rel}","templated":true}]}}