{"id":171,"date":"2021-01-01T00:00:05","date_gmt":"2020-12-31T23:00:05","guid":{"rendered":"https:\/\/sulic.interstil.org\/?page_id=171"},"modified":"2021-05-05T22:50:36","modified_gmt":"2021-05-05T20:50:36","slug":"viniri-ili-ljuspice","status":"publish","type":"page","link":"https:\/\/sulic.interstil.org\/en\/viniri-ili-ljuspice\/","title":{"rendered":"Veneers or dental laminates"},"content":{"rendered":"<p>Veneers are thin ceramic shells that are adhered or cemented to the front surface of a tooth, effectively changing its color, shape, size, or length. These are now one of the most sought-after prosthetic solutions in aesthetic dentistry worldwide, including in our country. Ceramic veneers are now one of the most sought-after prosthetic solutions in aesthetic dentistry, they grace the dazzling and perfect smiles of many world film and music stars.<\/p>\n\n\n\n<p>Also, the structure of the materials from which they are made, as well as the properties of these materials, especially optical, are very similar to the structure of enamel (the surface layer of the tooth), which allows the creation of an aesthetically perfect prosthetic replacement that is hard to distinguish from a natural tooth. The final result is therefore a natural, but aesthetically perfect smile. For all these reasons, veneers are considered the ideal replacement and pinnacle of aesthetic dentistry.<\/p>\n\n\n\n<p>Nastale su kao odgovor na dva klju\u010dna zahtjeva savremene dentalne medicine, a to su savr\u0161ena estetika zuba i minimalna invazivnost (postojano je samo minimalno bru\u0161enje zuba). One u potpunosti ispunjavaju zahtjeve. Ljuskice zahtijevaju minimalno bru\u0161enje prednje povr\u0161ine zuba (ljuspice) ili bru\u0161enje uop\u0107e nije potrebno \u0161to je njihova osnovna prednost u odnosu na druga protetska rje\u0161enja.<\/p>\n\n\n\n<p><strong>Ljuskice su savr\u0161eno rje\u0161enje za pacijente koji imaju:<\/strong><\/p>\n\n\n\n<p>&#8211; promjenu boje zubi<br>-razmake me\u0111u zubima<br>-okrnjen zub<br>-napuknu\u0107e cakline<br>-razli\u010ditu veli\u010dinu zube<br>-nepravilan polo\u017eaj zuba<br>-nepravilan oblik zuba<\/p>\n\n\n\n<p><strong>Izrada Veeners-a \/ ljuspica <\/strong><\/p>\n\n\n\n<p>Izrada ljuspica za zube je neinvazivna za zub jer se, u odnosu na klasi\u010dne zubne krunice, brusi samo prednja strana zuba i to minimalno ili \u010dak nimalo (no-prep veneers). Prema najnovijim istra\u017eivanjima trajnost ljuskica za zube je 5-15 godina. Tako\u0111er, kerami\u010dke ljuskice za zube u potpunosti imitiraju prirodnu boju zuba, \u0161to kompozitne ljuskice za zube ne mogu uvijek, zatim&nbsp; ne gube boju kao kompozitne, a i puno su \u010dvr\u0161\u0107e i trajnije.<\/p>\n\n\n\n<p>Da bi ste postavili ljuspice treba da imate svoje zube i da nemate velike kompozitne ispune (plombe) na njima. One mogu biti dugotrajno rje\u0161enje za va\u0161e estetske probleme ukoliko imate uslove za njihovo postavljanje. Svojom posjetom u na\u0161 DOC Bandi\u0107 saznat \u0107ete da li ste dobar kandidat za postavljanje, koliko vremenski \u0107e trebati za tretman, na\u010din i izradu ljuspica kao i efikasnost tretmana.<\/p>","protected":false},"excerpt":{"rendered":"<p>Radi se o tankim kerami\u010dkim ljuspicama koje se lijepe, odnosno cementiraju na prednju povr\u0161inu zuba te u\u010dinkovito mijenjaju njegovu boju, oblik, veli\u010dinu ili du\u017einu. Te su danas jedno od najtra\u017eenijih protetskih rje\u0161enja u estetskoj stomatologiji diljem svijeta, pa tako i kod nas. Kerakmi\u010dke ljuspice \/ Veneers su danas jedno od najtra\u017eenijih protetskih rje\u0161enja u estetskoj [&hellip;]<\/p>","protected":false},"author":1,"featured_media":1367,"parent":0,"menu_order":41,"comment_status":"closed","ping_status":"closed","template":"","meta":{"footnotes":""},"yst_prominent_words":[],"class_list":["post-171","page","type-page","status-publish","has-post-thumbnail","hentry"],"_links":{"self":[{"href":"https:\/\/sulic.interstil.org\/en\/wp-json\/wp\/v2\/pages\/171","targetHints":{"allow":["GET"]}}],"collection":[{"href":"https:\/\/sulic.interstil.org\/en\/wp-json\/wp\/v2\/pages"}],"about":[{"href":"https:\/\/sulic.interstil.org\/en\/wp-json\/wp\/v2\/types\/page"}],"author":[{"embeddable":true,"href":"https:\/\/sulic.interstil.org\/en\/wp-json\/wp\/v2\/users\/1"}],"replies":[{"embeddable":true,"href":"https:\/\/sulic.interstil.org\/en\/wp-json\/wp\/v2\/comments?post=171"}],"version-history":[{"count":0,"href":"https:\/\/sulic.interstil.org\/en\/wp-json\/wp\/v2\/pages\/171\/revisions"}],"wp:featuredmedia":[{"embeddable":true,"href":"https:\/\/sulic.interstil.org\/en\/wp-json\/wp\/v2\/media\/1367"}],"wp:attachment":[{"href":"https:\/\/sulic.interstil.org\/en\/wp-json\/wp\/v2\/media?parent=171"}],"wp:term":[{"taxonomy":"yst_prominent_words","embeddable":true,"href":"https:\/\/sulic.interstil.org\/en\/wp-json\/wp\/v2\/yst_prominent_words?post=171"}],"curies":[{"name":"wp","href":"https:\/\/api.w.org\/{rel}","templated":true}]}}