{"id":172,"date":"2021-01-01T00:00:19","date_gmt":"2020-12-31T23:00:19","guid":{"rendered":"https:\/\/sulic.interstil.org\/?page_id=172"},"modified":"2021-05-06T09:34:11","modified_gmt":"2021-05-06T07:34:11","slug":"keramicke-ljuspice","status":"publish","type":"page","link":"https:\/\/sulic.interstil.org\/en\/keramicke-ljuspice\/","title":{"rendered":"Ceramic laminates"},"content":{"rendered":"<p>Ceramic veneers permanently improve your smile and restore confidence. Ceramic veneers are a permanent prosthetic solution for aesthetic irregularities of the teeth. They are used in cases of inappropriate tooth color, irregular shape and position of teeth, when there are gaps between teeth, or when there are traces of tooth wear and enamel cracking.<\/p>\n\n\n\n<p>Veneers are made from metal-free ceramic systems that provide the most beautiful aesthetic results. Their mechanical properties allow excellent resistance in the mouth. They are made in a dental laboratory using computerized CAD-CAM technology, based on the scanning of an imprint of your teeth taken at our DOC Bandi\u0107.<\/p>\n\n\n\n<p>The process of installing a ceramic veneer is completely painless and very comfortable. The most efficient solution is found for each patient, with monitoring and counseling throughout the entire process of making ceramic veneers.<\/p>\n\n\n\n<p><strong>When can and should Veneers be applied?<\/strong><\/p>\n\n\n\n<p>-When you want to change the color, shape, and size of your teeth<br>-When you want to reduce the gaps between your teeth<br>-When teeth discolored by tetracycline do not react to whitening<br>-In case of worn and thinned teeth<br>-In case of mild crowding (minor irregularities in the position of the teeth)<br>-When you want to rejuvenate aged, worn, and discolored teeth without shine<\/p>\n\n\n\n<p><strong>Aesthetic advantage of ceramic veneers<\/strong><\/p>\n\n\n\n<p>Ceramic veneers are an excellent alternative to metal-free crowns, especially in situations where aesthetic deficiencies need to be addressed with minimal removal of dental substance. They are most often placed on the front teeth where their appearance and aesthetic value are most pronounced.<\/p>\n\n\n\n<p>Veneer therapy in most situations gives better results, primarily due to the better appearance of the gums, but also because significantly more dental substance is preserved. Very often during grinding, it is not even necessary to receive anesthesia because for most patients it is a completely painless procedure.<\/p>\n\n\n\n<p>The special value of this method lies in the fact that its application does not require aggressive tooth grinding, but only the removal of a very thin layer of dental enamel. Veneers actually change the natural tooth enamel, so in this way the color of the teeth can be changed or minor corrections can be made to the position, size and overall appearance of the teeth.<\/p>","protected":false},"excerpt":{"rendered":"<p>Kerami\u010dki viniri trajno nabolje transformi\u0161u va\u0161 osmijeh i vra\u0107aju samopouzdanje. Kerami\u010dki viniri su trajno protetsko rje\u0161enje estetskih nepravilnosti zuba. Koriste se kod neodgovaraju\u0107e boje zuba, nepravilnog oblika i polo\u017eaja zuba, kod postojanja razmaka izme\u0111u zuba, ili kada postoje tragovi tro\u0161enja zuba i pucanja gle\u0111i. Viniri se izra\u0111uju od bezmetalnih kerami\u010dkih sistema koji daju najljep\u0161e estetske [&hellip;]<\/p>","protected":false},"author":1,"featured_media":1368,"parent":0,"menu_order":42,"comment_status":"closed","ping_status":"closed","template":"","meta":{"footnotes":""},"yst_prominent_words":[],"class_list":["post-172","page","type-page","status-publish","has-post-thumbnail","hentry"],"_links":{"self":[{"href":"https:\/\/sulic.interstil.org\/en\/wp-json\/wp\/v2\/pages\/172","targetHints":{"allow":["GET"]}}],"collection":[{"href":"https:\/\/sulic.interstil.org\/en\/wp-json\/wp\/v2\/pages"}],"about":[{"href":"https:\/\/sulic.interstil.org\/en\/wp-json\/wp\/v2\/types\/page"}],"author":[{"embeddable":true,"href":"https:\/\/sulic.interstil.org\/en\/wp-json\/wp\/v2\/users\/1"}],"replies":[{"embeddable":true,"href":"https:\/\/sulic.interstil.org\/en\/wp-json\/wp\/v2\/comments?post=172"}],"version-history":[{"count":0,"href":"https:\/\/sulic.interstil.org\/en\/wp-json\/wp\/v2\/pages\/172\/revisions"}],"wp:featuredmedia":[{"embeddable":true,"href":"https:\/\/sulic.interstil.org\/en\/wp-json\/wp\/v2\/media\/1368"}],"wp:attachment":[{"href":"https:\/\/sulic.interstil.org\/en\/wp-json\/wp\/v2\/media?parent=172"}],"wp:term":[{"taxonomy":"yst_prominent_words","embeddable":true,"href":"https:\/\/sulic.interstil.org\/en\/wp-json\/wp\/v2\/yst_prominent_words?post=172"}],"curies":[{"name":"wp","href":"https:\/\/api.w.org\/{rel}","templated":true}]}}