{"id":193,"date":"2021-01-01T00:00:08","date_gmt":"2020-12-31T23:00:08","guid":{"rendered":"https:\/\/sulic.interstil.org\/?page_id=193"},"modified":"2021-05-06T10:30:46","modified_gmt":"2021-05-06T08:30:46","slug":"metalne-krunice-i-mostovi","status":"publish","type":"page","link":"https:\/\/sulic.interstil.org\/en\/metalne-krunice-i-mostovi\/","title":{"rendered":"Metal Crowns and Bridges"},"content":{"rendered":"<p>Metal-ceramic crowns are a better solution for back teeth where chewing forces are much higher. In recent times, there are also full ceramic crowns with a reinforced core, which can be used for back teeth as well.<\/p>\n\n\n\n<p><strong>There are several types of dental crowns;<\/strong> <br>\u2013 metal, <br>\u2013 metal-ceramic,<br>\u2013 completely ceramic crowns (aesthetic)<\/p>\n\n\n\n<p><\/p>\n\n\n\n<p><\/p>\n\n\n\n<p>Metal includes several types of materials - gold alloys, other alloys (palladium), and nickel-titanium alloys. Crowns usually last a minimum of seven years, and in most cases much longer.<\/p>\n\n\n\n<p><strong>With metal crowns, the name is somewhat misleading, because only their core is metal, while the outer part is ceramic.<\/strong><\/p>\n\n\n\n<p>Metal crowns are not entirely made of metal alloy, only their core. Namely, to achieve the strength and durability of these crowns, the core is made of chrome, palladium, or molybdenum, and ceramic materials are placed around the core. Unlike them, metal-free crowns are completely made of ceramic materials, most often zirconium. That is, metal-free crowns are a more modern version of metal ones. That's why dentists today recommend the installation of metal-free crowns first. But of course, metal crowns also have no negative effect on human health.<\/p>\n\n\n\n<p><strong>Oral hygiene is a very important factor in dental health<\/strong><\/p>\n\n\n\n<p>On average, the lifespan is between 10-15 years. How long the crown will be in the mouth depends mostly on the patient himself and his performance of oral hygiene. The crown itself cannot get a cavity, but the tooth underneath it can. For proper maintenance of oral health, it is recommended to use a toothbrush, dental floss, mouthwash, and interdental brushes.<\/p>\n\n\n\n<p>In addition to oral hygiene, the preservation of the crown also depends on the quality of the material, the bite, the situation in the mouth, harmful habits (grinding teeth, biting nails), genetics, the condition of the bones and gums, regular checks and, of course, the dentist's skill. During regular check-ups, our team DOC Bandi\u0107 will take care of the health of the gums and bones, in order to prevent the exposure of the tooth root and possible mobility of the teeth, and thus preserve the crown longer in the mouth.<\/p>","protected":false},"excerpt":{"rendered":"<p>Metal kerami\u010dke krunice su bolje rje\u0161enje za stra\u017enje zube gdje su \u017eva\u010dne sile puno ve\u0107e. U novije vrijeme postoje i pune kerami\u010dke krunice s oja\u010danom jezgrom, koje se mogu koristiti i za stra\u017enje zube. Zubnih krunica postoji vi\u0161e vrsta; &#8211; metalne, &#8211; metalno kerami\u010dke,&#8211; potpuno&nbsp; kerami\u010dke krunice (estetske) Metal uklju\u010duje vi\u0161e vrsta materijala \u2013 zlatne [&hellip;]<\/p>","protected":false},"author":1,"featured_media":1381,"parent":0,"menu_order":53,"comment_status":"closed","ping_status":"closed","template":"","meta":{"footnotes":""},"yst_prominent_words":[],"class_list":["post-193","page","type-page","status-publish","has-post-thumbnail","hentry"],"_links":{"self":[{"href":"https:\/\/sulic.interstil.org\/en\/wp-json\/wp\/v2\/pages\/193","targetHints":{"allow":["GET"]}}],"collection":[{"href":"https:\/\/sulic.interstil.org\/en\/wp-json\/wp\/v2\/pages"}],"about":[{"href":"https:\/\/sulic.interstil.org\/en\/wp-json\/wp\/v2\/types\/page"}],"author":[{"embeddable":true,"href":"https:\/\/sulic.interstil.org\/en\/wp-json\/wp\/v2\/users\/1"}],"replies":[{"embeddable":true,"href":"https:\/\/sulic.interstil.org\/en\/wp-json\/wp\/v2\/comments?post=193"}],"version-history":[{"count":0,"href":"https:\/\/sulic.interstil.org\/en\/wp-json\/wp\/v2\/pages\/193\/revisions"}],"wp:featuredmedia":[{"embeddable":true,"href":"https:\/\/sulic.interstil.org\/en\/wp-json\/wp\/v2\/media\/1381"}],"wp:attachment":[{"href":"https:\/\/sulic.interstil.org\/en\/wp-json\/wp\/v2\/media?parent=193"}],"wp:term":[{"taxonomy":"yst_prominent_words","embeddable":true,"href":"https:\/\/sulic.interstil.org\/en\/wp-json\/wp\/v2\/yst_prominent_words?post=193"}],"curies":[{"name":"wp","href":"https:\/\/api.w.org\/{rel}","templated":true}]}}