{"id":214,"date":"2021-01-01T00:00:23","date_gmt":"2020-12-31T23:00:23","guid":{"rendered":"https:\/\/sulic.interstil.org\/?page_id=214"},"modified":"2021-05-07T00:31:13","modified_gmt":"2021-05-06T22:31:13","slug":"preventivna-stomatologija","status":"publish","type":"page","link":"https:\/\/sulic.interstil.org\/en\/preventivna-stomatologija\/","title":{"rendered":"Preventivna stomatologija"},"content":{"rendered":"<p>Za idealan osmijeh najva\u017enija je redovna borba protiv bolesti zuba. Preventivna stomatologija nudi vam sva rje\u0161enja za o\u010duvanje oralnog zdravlja.<\/p>\n\n\n\n<p>Prevencija oralnih bolesti najva\u017eniji je zadatak stomatologije.&nbsp;\u010cak i uz pravilno provo\u0111enje oralne higijene kod ku\u0107e, mo\u017ee se dogoditi da se na zubima nakupe tvrde zubne naslage i razne mrlje. Redovno profesionalno uklanjanje mekih i tvrdih zubnih naslaga ultrazvukom, pjeskarenjem i poliranjem, kao i upute o pravilnoj oralnoj higijeni i prehrani klju\u010d su op\u0107eg i oralnog zdravlja. Preventivna stomatologija&nbsp;je najjednostavniji, najjeftiniji i ujedno najbolji na\u010din za sprje\u010davanje bolesti i neugodnosti u usnoj \u0161upljini.<\/p>\n\n\n\n<p><strong>Preventivna stomatologija i o\u010duvanje oralnog zdravlja<\/strong><\/p>\n\n\n\n<p>Stomatolozi isti\u010du va\u017enost prevencije, \u0161to podrazumijeva redovnu oralnu higijenu, zdravu prehranu i organizmu prihvatljiv na\u010din \u017eivota. Preventivna stomatologija kao cilj ima&nbsp;pru\u017eanje najefikasnijih, provjerenih mjera i sredstava za prevenciju oralnih oboljenja.<\/p>\n\n\n\n<p><strong>Koje su prednosti preventivne stomatologije?<\/strong><\/p>\n\n\n\n<p>Uz dobru higijenu zuba mo\u017eete znatno smanjiti rizik od nastanka \u0161upljina, gingivitisa, parodontitisa i drugih zubnih problema. To zauzvrat mo\u017ee smanjiti rizik od mogu\u0107ih problema uzrokovanih lo\u0161im oralnim zdravljem.&nbsp;Uz smanjenje rizika za druge zdravstvene probleme, prakticiranje dobrog preventivnog zdravlja mo\u017ee vam u\u0161tedjeti i novac. Preventivna stomatologija mo\u017ee uveliko smanjiti va\u0161u potrebu za kasnijim skupim tretmanima, poput ispuna ili zubnih&nbsp;implantata.<\/p>\n\n\n\n<p><strong>Preventivna stomatologija se dijeli na tri dijela:<\/strong><\/p>\n\n\n\n<ul class=\"wp-block-list\"><li>primarna, koja obuhvata o\u010duvanje zdravlja primjenom preventivnih metoda i zaustavljanje zapo\u010detog oboljenja,<\/li><li>sekundarna preventivna stomatologija se odnosi na tretmane koji poma\u017eu da se izvr\u0161i restauracija izgubljenog tkiva,<\/li><li>tercirajna prevencija koja podrazumijeva zamjenu potpuno izgubljenih tkiva, putem posebnih mjera.<\/li><\/ul>\n\n\n\n<p><\/p>\n\n\n\n<p><strong>Preventivna stomatologija podrazumijeva:&nbsp;<\/strong><\/p>\n\n\n\n<ul class=\"wp-block-list\"><li>Redovne kontrole<\/li><li>\u010ci\u0161\u0107enje kamenca<\/li><li>Savjetovanje o prehrani<\/li><li>Fluorisanje zubi<\/li><\/ul>\n\n\n\n<p><\/p>\n\n\n\n<p>Postoje mnogi oblici preventivne stomatologije, poput svakodnevnog \u010detkanja i \u010di\u0161\u0107enja zuba. Tako\u0111er se preporu\u010duje svakodnevna upotreba konca za \u010di\u0161\u0107enje zuba. Zubnim koncem je lak\u0161e o\u010distiti uske prostore izme\u0111u zuba. Osim toga, uravnote\u017eena prehrana poma\u017ee u za\u0161titi zuba pru\u017eaju\u0107i im hranjive sastojke koji su im potrebni. Preporu\u010duje se ograni\u010diti unos \u0161e\u0107era, uklju\u010duju\u0107i jednostavne ugljikohidrate, poput bijelog hljeba, i piti mnogo vode tokom dana. Vitamini su va\u017eni za oralno zdravlje. Raznolika prehrana pomo\u0107i \u0107e vam da nabavite sve vitamine potrebne za odr\u017eavanje zdravog osmijeha.<\/p>","protected":false},"excerpt":{"rendered":"<p>Za idealan osmijeh najva\u017enija je redovna borba protiv bolesti zuba. Preventivna stomatologija nudi vam sva rje\u0161enja za o\u010duvanje oralnog zdravlja. Prevencija oralnih bolesti najva\u017eniji je zadatak stomatologije.&nbsp;\u010cak i uz pravilno provo\u0111enje oralne higijene kod ku\u0107e, mo\u017ee se dogoditi da se na zubima nakupe tvrde zubne naslage i razne mrlje. Redovno profesionalno uklanjanje mekih i tvrdih [&hellip;]<\/p>","protected":false},"author":1,"featured_media":1396,"parent":0,"menu_order":64,"comment_status":"closed","ping_status":"closed","template":"","meta":{"footnotes":""},"yst_prominent_words":[],"class_list":["post-214","page","type-page","status-publish","has-post-thumbnail","hentry"],"_links":{"self":[{"href":"https:\/\/sulic.interstil.org\/en\/wp-json\/wp\/v2\/pages\/214","targetHints":{"allow":["GET"]}}],"collection":[{"href":"https:\/\/sulic.interstil.org\/en\/wp-json\/wp\/v2\/pages"}],"about":[{"href":"https:\/\/sulic.interstil.org\/en\/wp-json\/wp\/v2\/types\/page"}],"author":[{"embeddable":true,"href":"https:\/\/sulic.interstil.org\/en\/wp-json\/wp\/v2\/users\/1"}],"replies":[{"embeddable":true,"href":"https:\/\/sulic.interstil.org\/en\/wp-json\/wp\/v2\/comments?post=214"}],"version-history":[{"count":0,"href":"https:\/\/sulic.interstil.org\/en\/wp-json\/wp\/v2\/pages\/214\/revisions"}],"wp:featuredmedia":[{"embeddable":true,"href":"https:\/\/sulic.interstil.org\/en\/wp-json\/wp\/v2\/media\/1396"}],"wp:attachment":[{"href":"https:\/\/sulic.interstil.org\/en\/wp-json\/wp\/v2\/media?parent=214"}],"wp:term":[{"taxonomy":"yst_prominent_words","embeddable":true,"href":"https:\/\/sulic.interstil.org\/en\/wp-json\/wp\/v2\/yst_prominent_words?post=214"}],"curies":[{"name":"wp","href":"https:\/\/api.w.org\/{rel}","templated":true}]}}