{"id":223,"date":"2021-01-01T00:00:34","date_gmt":"2020-12-31T23:00:34","guid":{"rendered":"https:\/\/sulic.interstil.org\/?page_id=223"},"modified":"2021-05-07T00:47:08","modified_gmt":"2021-05-06T22:47:08","slug":"oralna-hirurgija","status":"publish","type":"page","link":"https:\/\/sulic.interstil.org\/en\/oralna-hirurgija\/","title":{"rendered":"Oral Surgery"},"content":{"rendered":"<p>Oral surgery is a part of dentistry that encompasses various surgical procedures in the oral cavity. We provide a wide range of services in this field through collaboration with oral surgery specialists, and some procedures are performed by our dental experts with certified training in specific surgical interventions.<\/p>\n\n\n\n<p>When the need arises, and our dentists recommend surgical therapy, the patient undergoes preparation, including a detailed medical history questionnaire to assess general health condition, any necessary premedication, conservative and periodontal treatments of teeth and soft tissues, followed by surgical intervention and follow-up appointments.<\/p>\n\n\n\n<p><strong>Advantages of oral surgery<\/strong><\/p>\n\n\n\n<p>Oral surgery can help alleviate various dental issues and sometimes represents the last hope of preserving a tooth. Some of these interventions include the extraction of impacted wisdom teeth, apicoectomy (root tip resection), soft tissue surgeries, as well as various procedures on bone and soft tissues that may involve dental implant placement.<\/p>\n\n\n\n<p>Oral surgery can also involve gum surgeries and reconstruction of the oral cavity. It finds application in implantology and helps correct or remove facial, jaw, and dental irregularities and defects. Sometimes, the removal of certain teeth is necessary before orthodontic treatment for better teeth alignment. During surgical procedures, local anesthesia is administered, and after the intervention, the patient can return home.<\/p>\n\n\n\n<p><strong>The most common procedures falling under oral surgery are:<\/strong><br><br>\u2022 Implantology<br>\u2022 Routine and complicated tooth extractions or removal of residual tooth roots<br>\u2022 Extraction of unerupted, impacted, or retained teeth, usually wisdom teeth<br>\u2022 Apicoectomy - removal of the inflamed root tip<br>\u2022 Gingivectomy - reshaping of the gums<br>\u2022 Bone modeling and replacement<br>\u2022 Sinus lift - bone augmentation in the sinus area<br>\u2022 Procedures to address esthetic and functional issues within the oral cavity<\/p>\n\n\n\n<p><\/p>\n\n\n\n<p>Additionally, it's important to note that dental implantology partially overlaps with oral surgery. The process of implant placement is indeed an oral surgical procedure performed by specialists in oral surgery. The implant placement procedure is typically painless and usually passes with minimal or no postoperative complications. In addition to implant placement, oral surgery also addresses numerous cases where patients initially lack sufficient bone tissue for implant placement. In such cases, regenerative pre-implantology surgery is performed. Regenerative pre-implantology surgery involves all procedures aimed at augmenting hard and soft tissues on the alveolar ridge to achieve sufficient or optimal tissue for successful implant-prosthetic rehabilitation.<\/p>\n\n\n\n<p><strong>Tissue Replacement - Augmentation<\/strong><\/p>\n\n\n\n<p>The bone tissue used for tissue replacement on the ridge can be autologous, meaning it is taken from the patient (usually from the chin or behind the wisdom teeth area), or it can be the artificial bone that is inserted where the bone is missing. Procedures using artificial bone are more comfortable for patients as they do not involve additional surgical sites, but they have their limitations and cannot be used for extensive tissue losses on the ridge.<\/p>\n\n\n\n<p>We offer you the following services:<br>&#8211; <a href=\"\/en\/vadenje-zuba\/\" data-type=\"URL\" data-id=\"\/vadenje-zuba\/\">Tooth extraction<\/a><br>&#8211; <a href=\"\/en\/apikotomija\/\" data-type=\"URL\" data-id=\"\/apikotomija\/\">Apicoectomy<\/a><br>&#8211; <a href=\"\/en\/cistektomija\/\" data-type=\"URL\" data-id=\"\/cistektomija\/\">Cystectomy<\/a><br>&#8211; <a href=\"\/en\/gingivektomija-gummy-smile\/\" data-type=\"URL\" data-id=\"\/gingivektomija-gummy-smile\/\">Gingivectomy for Gummy Smile<\/a><br>&#8211; <a href=\"\/en\/cirkumcizija\/\" data-type=\"URL\" data-id=\"\/cirkumcizija\/\">Frenectomy<\/a><br>&#8211; <a href=\"\/en\/terapija-alveolita\/\" data-type=\"URL\" data-id=\"\/terapija-alveolita\/\">Alveolitis therapy<\/a><\/p>","protected":false},"excerpt":{"rendered":"<p>Oralna hirurgija predstavlja granu stomatologije koja koja obuhvata razne hirur\u0161ke zahvate u usnoj \u0161upljini. Pru\u017eamo \u0161irok spektar usluga iz ove oblasti zahvaljuju\u0107i saradnji sa specijalistima oralne hirurgije , a odre\u0111ene usluge vr\u0161e i na\u0161i stru\u010dnjaci stomatolozi zahvaljuju\u0107i certificiranoj edukaciji za sprovo\u0111enje odre\u0111enih hirur\u0161kih intervencija. Ukoliko se uka\u017ee potreba i na\u0161i stomatolozi predlo\u017ee hirur\u0161ki vid terapije, [&hellip;]<\/p>","protected":false},"author":1,"featured_media":1405,"parent":0,"menu_order":69,"comment_status":"closed","ping_status":"closed","template":"","meta":{"footnotes":""},"yst_prominent_words":[],"class_list":["post-223","page","type-page","status-publish","has-post-thumbnail","hentry"],"_links":{"self":[{"href":"https:\/\/sulic.interstil.org\/en\/wp-json\/wp\/v2\/pages\/223","targetHints":{"allow":["GET"]}}],"collection":[{"href":"https:\/\/sulic.interstil.org\/en\/wp-json\/wp\/v2\/pages"}],"about":[{"href":"https:\/\/sulic.interstil.org\/en\/wp-json\/wp\/v2\/types\/page"}],"author":[{"embeddable":true,"href":"https:\/\/sulic.interstil.org\/en\/wp-json\/wp\/v2\/users\/1"}],"replies":[{"embeddable":true,"href":"https:\/\/sulic.interstil.org\/en\/wp-json\/wp\/v2\/comments?post=223"}],"version-history":[{"count":0,"href":"https:\/\/sulic.interstil.org\/en\/wp-json\/wp\/v2\/pages\/223\/revisions"}],"wp:featuredmedia":[{"embeddable":true,"href":"https:\/\/sulic.interstil.org\/en\/wp-json\/wp\/v2\/media\/1405"}],"wp:attachment":[{"href":"https:\/\/sulic.interstil.org\/en\/wp-json\/wp\/v2\/media?parent=223"}],"wp:term":[{"taxonomy":"yst_prominent_words","embeddable":true,"href":"https:\/\/sulic.interstil.org\/en\/wp-json\/wp\/v2\/yst_prominent_words?post=223"}],"curies":[{"name":"wp","href":"https:\/\/api.w.org\/{rel}","templated":true}]}}