{"id":2626,"date":"2023-06-26T10:35:25","date_gmt":"2023-06-26T08:35:25","guid":{"rendered":"https:\/\/sulic.interstil.org\/?page_id=2626"},"modified":"2023-08-14T11:18:13","modified_gmt":"2023-08-14T09:18:13","slug":"dentalni-turizam","status":"publish","type":"page","link":"https:\/\/sulic.interstil.org\/en\/dentalni-turizam\/","title":{"rendered":"Dental tourism"},"content":{"rendered":"<div data-elementor-type=\"wp-page\" data-elementor-id=\"2626\" class=\"elementor elementor-2626\" data-elementor-post-type=\"page\">\n\t\t\t\t<div class=\"elementor-element elementor-element-ca6dc50 e-flex e-con-boxed e-con e-parent\" data-id=\"ca6dc50\" data-element_type=\"container\">\n\t\t\t\t\t<div class=\"e-con-inner\">\n\t\t<div class=\"elementor-element elementor-element-83b917d e-con-full e-flex e-con e-parent\" data-id=\"83b917d\" data-element_type=\"container\">\n\t\t\t\t<div class=\"elementor-element elementor-element-20438f2 elementor-widget elementor-widget-text-editor\" data-id=\"20438f2\" data-element_type=\"widget\" data-widget_type=\"text-editor.default\">\n\t\t\t\t<div class=\"elementor-widget-container\">\n\t\t\t\t\t\t\t\t\t<h3>Dental Tourism - An Excellent Option<\/h3><p><span style=\"font-weight: 400;\">Dental tourism is an excellent choice for patients seeking high-quality dental care at affordable prices. Our clinic, with specialists from various fields of dentistry, offers comprehensive services without the need to visit other offices.\u00a0\u00a0<\/span><\/p><p><span style=\"font-weight: 400;\">We have a radiology center equipped with the latest technology, providing the capability to produce all types of high-resolution dental radiographs. Additionally, our clinic houses its own dental laboratory equipped with modern equipment. This in-house lab enables faster production of all types of prosthetic work and a personalized service for every patient.<\/span><\/p>\t\t\t\t\t\t\t\t<\/div>\n\t\t\t\t<\/div>\n\t\t\t\t<\/div>\n\t\t<div class=\"elementor-element elementor-element-d9a34d2 e-con-full e-flex e-con e-parent\" data-id=\"d9a34d2\" data-element_type=\"container\">\n\t\t\t\t<div class=\"elementor-element elementor-element-b2b96a4 elementor-pagination-position-outside elementor-widget elementor-widget-image-carousel\" data-id=\"b2b96a4\" data-element_type=\"widget\" data-settings=\"{&quot;slides_to_show&quot;:&quot;1&quot;,&quot;navigation&quot;:&quot;dots&quot;,&quot;autoplay&quot;:&quot;yes&quot;,&quot;pause_on_hover&quot;:&quot;yes&quot;,&quot;pause_on_interaction&quot;:&quot;yes&quot;,&quot;autoplay_speed&quot;:5000,&quot;infinite&quot;:&quot;yes&quot;,&quot;effect&quot;:&quot;slide&quot;,&quot;speed&quot;:500}\" data-widget_type=\"image-carousel.default\">\n\t\t\t\t<div class=\"elementor-widget-container\">\n\t\t\t\t\t\t\t<div class=\"elementor-image-carousel-wrapper swiper\" role=\"region\" aria-roledescription=\"carousel\" aria-label=\"Image Carousel\" dir=\"ltr\">\n\t\t\t<div class=\"elementor-image-carousel swiper-wrapper swiper-image-stretch\" aria-live=\"off\">\n\t\t\t\t\t\t\t\t<div class=\"swiper-slide\" role=\"group\" aria-roledescription=\"slide\" aria-label=\"1 of 4\"><figure class=\"swiper-slide-inner\"><img decoding=\"async\" class=\"swiper-slide-image\" src=\"https:\/\/sulic.interstil.org\/wp-content\/uploads\/2023\/06\/dentalni-turizam-sarajev0-2-768x512.jpg\" alt=\"dentalni-turizam-sarajev0-2\" \/><\/figure><\/div><div class=\"swiper-slide\" role=\"group\" aria-roledescription=\"slide\" aria-label=\"2 of 4\"><figure class=\"swiper-slide-inner\"><img decoding=\"async\" class=\"swiper-slide-image\" src=\"https:\/\/sulic.interstil.org\/wp-content\/uploads\/2023\/06\/dentalni-turizam-sarajev-4.png\" alt=\"dentalni-turizam-sarajev-4\" \/><\/figure><\/div><div class=\"swiper-slide\" role=\"group\" aria-roledescription=\"slide\" aria-label=\"3 of 4\"><figure class=\"swiper-slide-inner\"><img decoding=\"async\" class=\"swiper-slide-image\" src=\"https:\/\/sulic.interstil.org\/wp-content\/uploads\/2023\/06\/dentalni-turizam-sarajevo-4-768x512.jpg\" alt=\"dentalni-turizam-sarajevo-4\" \/><\/figure><\/div><div class=\"swiper-slide\" role=\"group\" aria-roledescription=\"slide\" aria-label=\"4 of 4\"><figure class=\"swiper-slide-inner\"><img decoding=\"async\" class=\"swiper-slide-image\" src=\"https:\/\/sulic.interstil.org\/wp-content\/uploads\/2023\/06\/dentalni-turizam-sarajevo-768x512.jpg\" alt=\"dentalni-turizam-sarajevo\" \/><\/figure><\/div>\t\t\t<\/div>\n\t\t\t\t\t\t\t\n\t\t\t\t\t\t\t\t\t<div class=\"swiper-pagination\"><\/div>\n\t\t\t\t\t\t\t\t\t<\/div>\n\t\t\t\t\t\t<\/div>\n\t\t\t\t<\/div>\n\t\t\t\t<\/div>\n\t\t\t\t\t<\/div>\n\t\t\t\t<\/div>\n\t\t<div class=\"elementor-element elementor-element-222a4bf e-flex e-con-boxed e-con e-parent\" data-id=\"222a4bf\" data-element_type=\"container\">\n\t\t\t\t\t<div class=\"e-con-inner\">\n\t\t<a class=\"elementor-element elementor-element-47280ae e-con-full animated-slow e-flex elementor-invisible e-con e-parent\" data-id=\"47280ae\" data-element_type=\"container\" data-settings=\"{&quot;animation&quot;:&quot;fadeInUp&quot;}\" href=\"https:\/\/sulic.interstil.org\/en\/dentalni-turizam-u-sarajevu\/\">\n\t\t\t\t<div class=\"elementor-element elementor-element-e5baae5 e-transform elementor-widget elementor-widget-image\" data-id=\"e5baae5\" data-element_type=\"widget\" data-settings=\"{&quot;_transform_flipX_effect_hover&quot;:&quot;transform&quot;}\" data-widget_type=\"image.default\">\n\t\t\t\t<div class=\"elementor-widget-container\">\n\t\t\t\t\t\t\t\t\t\t\t\t\t\t\t<img fetchpriority=\"high\" decoding=\"async\" width=\"300\" height=\"300\" src=\"https:\/\/sulic.interstil.org\/wp-content\/uploads\/2023\/06\/dentalni-turizam.png\" class=\"attachment-large size-large wp-image-2701\" alt=\"\" srcset=\"https:\/\/sulic.interstil.org\/wp-content\/uploads\/2023\/06\/dentalni-turizam.png 300w, https:\/\/sulic.interstil.org\/wp-content\/uploads\/2023\/06\/dentalni-turizam-150x150.png 150w\" sizes=\"(max-width: 300px) 100vw, 300px\" \/>\t\t\t\t\t\t\t\t\t\t\t\t\t\t\t<\/div>\n\t\t\t\t<\/div>\n\t\t\t\t<div class=\"elementor-element elementor-element-a58f1d9 elementor-widget elementor-widget-text-editor\" data-id=\"a58f1d9\" data-element_type=\"widget\" data-widget_type=\"text-editor.default\">\n\t\t\t\t<div class=\"elementor-widget-container\">\n\t\t\t\t\t\t\t\t\t<p>Dental tourism in Sarajevo<\/p>\t\t\t\t\t\t\t\t<\/div>\n\t\t\t\t<\/div>\n\t\t\t\t<div class=\"elementor-element elementor-element-e370a19 elementor-widget elementor-widget-text-editor\" data-id=\"e370a19\" data-element_type=\"widget\" data-widget_type=\"text-editor.default\">\n\t\t\t\t<div class=\"elementor-widget-container\">\n\t\t\t\t\t\t\t\t\t<p>Combine Your Vacation in Sarajevo with Your Dental Treatments<\/p>\t\t\t\t\t\t\t\t<\/div>\n\t\t\t\t<\/div>\n\t\t\t\t<\/a>\n\t\t<a class=\"elementor-element elementor-element-3d5fda2 e-con-full animated-slow e-flex elementor-invisible e-con e-parent\" data-id=\"3d5fda2\" data-element_type=\"container\" data-settings=\"{&quot;animation&quot;:&quot;fadeInUp&quot;}\" href=\"https:\/\/sulic.interstil.org\/en\/all-inclusive-stomatolosko-lijecenje\/\">\n\t\t\t\t<div class=\"elementor-element elementor-element-dc155d8 e-transform elementor-widget elementor-widget-image\" data-id=\"dc155d8\" data-element_type=\"widget\" data-settings=\"{&quot;_transform_flipX_effect_hover&quot;:&quot;transform&quot;}\" data-widget_type=\"image.default\">\n\t\t\t\t<div class=\"elementor-widget-container\">\n\t\t\t\t\t\t\t\t\t\t\t\t\t\t\t<img decoding=\"async\" width=\"300\" height=\"300\" src=\"https:\/\/sulic.interstil.org\/wp-content\/uploads\/2023\/06\/all-inclusive.png\" class=\"attachment-large size-large wp-image-2702\" alt=\"\" srcset=\"https:\/\/sulic.interstil.org\/wp-content\/uploads\/2023\/06\/all-inclusive.png 300w, https:\/\/sulic.interstil.org\/wp-content\/uploads\/2023\/06\/all-inclusive-150x150.png 150w\" sizes=\"(max-width: 300px) 100vw, 300px\" \/>\t\t\t\t\t\t\t\t\t\t\t\t\t\t\t<\/div>\n\t\t\t\t<\/div>\n\t\t\t\t<div class=\"elementor-element elementor-element-db74feb elementor-widget elementor-widget-text-editor\" data-id=\"db74feb\" data-element_type=\"widget\" data-widget_type=\"text-editor.default\">\n\t\t\t\t<div class=\"elementor-widget-container\">\n\t\t\t\t\t\t\t\t\t<p>All inclusive dental treatment<\/p>\t\t\t\t\t\t\t\t<\/div>\n\t\t\t\t<\/div>\n\t\t\t\t<div class=\"elementor-element elementor-element-952264e elementor-widget elementor-widget-text-editor\" data-id=\"952264e\" data-element_type=\"widget\" data-widget_type=\"text-editor.default\">\n\t\t\t\t<div class=\"elementor-widget-container\">\n\t\t\t\t\t\t\t\t\t<p>A full service that includes all the details we take care of for you. <\/p>\t\t\t\t\t\t\t\t<\/div>\n\t\t\t\t<\/div>\n\t\t\t\t<\/a>\n\t\t<a class=\"elementor-element elementor-element-2260f63 e-con-full animated-slow e-flex elementor-invisible e-con e-parent\" data-id=\"2260f63\" data-element_type=\"container\" data-settings=\"{&quot;animation&quot;:&quot;fadeInUp&quot;}\" href=\"https:\/\/sulic.interstil.org\/en\/neophodne-informacije\/\">\n\t\t\t\t<div class=\"elementor-element elementor-element-bce742c e-transform elementor-widget elementor-widget-image\" data-id=\"bce742c\" data-element_type=\"widget\" data-settings=\"{&quot;_transform_flipX_effect_hover&quot;:&quot;transform&quot;}\" data-widget_type=\"image.default\">\n\t\t\t\t<div class=\"elementor-widget-container\">\n\t\t\t\t\t\t\t\t\t\t\t\t\t\t\t<img decoding=\"async\" width=\"300\" height=\"300\" src=\"https:\/\/sulic.interstil.org\/wp-content\/uploads\/2023\/06\/info.png\" class=\"attachment-large size-large wp-image-2703\" alt=\"\" srcset=\"https:\/\/sulic.interstil.org\/wp-content\/uploads\/2023\/06\/info.png 300w, https:\/\/sulic.interstil.org\/wp-content\/uploads\/2023\/06\/info-150x150.png 150w\" sizes=\"(max-width: 300px) 100vw, 300px\" \/>\t\t\t\t\t\t\t\t\t\t\t\t\t\t\t<\/div>\n\t\t\t\t<\/div>\n\t\t\t\t<div class=\"elementor-element elementor-element-5487dc8 elementor-widget elementor-widget-text-editor\" data-id=\"5487dc8\" data-element_type=\"widget\" data-widget_type=\"text-editor.default\">\n\t\t\t\t<div class=\"elementor-widget-container\">\n\t\t\t\t\t\t\t\t\t<p>Necessary information<\/p>\t\t\t\t\t\t\t\t<\/div>\n\t\t\t\t<\/div>\n\t\t\t\t<div class=\"elementor-element elementor-element-3aa2f89 elementor-widget elementor-widget-text-editor\" data-id=\"3aa2f89\" data-element_type=\"widget\" data-widget_type=\"text-editor.default\">\n\t\t\t\t<div class=\"elementor-widget-container\">\n\t\t\t\t\t\t\t\t\t<p><span style=\"font-weight: 400;\">Discover all the useful tips and information.<\/span><\/p>\t\t\t\t\t\t\t\t<\/div>\n\t\t\t\t<\/div>\n\t\t\t\t<\/a>\n\t\t\t\t\t<\/div>\n\t\t\t\t<\/div>\n\t\t<div class=\"elementor-element elementor-element-0e3fa63 e-flex e-con-boxed e-con e-parent\" data-id=\"0e3fa63\" data-element_type=\"container\">\n\t\t\t\t\t<div class=\"e-con-inner\">\n\t\t<div class=\"elementor-element elementor-element-098e055 e-con-full e-flex e-con e-parent\" data-id=\"098e055\" data-element_type=\"container\">\n\t\t\t\t<div class=\"elementor-element elementor-element-7557f8e elementor-widget elementor-widget-text-editor\" data-id=\"7557f8e\" data-element_type=\"widget\" data-widget_type=\"text-editor.default\">\n\t\t\t\t<div class=\"elementor-widget-container\">\n\t\t\t\t\t\t\t\t\t<h2 class=\"mb-3 pb-1\">Combine Pleasure with Utility<\/h2><p><span style=\"font-weight: 400;\">Our clinic boasts top-notch dentists specialized in various fields of dentistry. With us, you'll receive premier dental services, from routine check-ups and teeth cleanings to complex procedures like implant placements or orthodontic treatments. A blend of state-of-the-art equipment, the highest quality materials, and expert staff makes us the ideal choice for international patients seeking top-tier dental care at affordable prices.\u00a0<\/span><\/p><p><span style=\"font-weight: 400;\">In between dental treatments, patients can explore the tourist attractions of Sarajevo, where East meets West. Sarajevo is a city rich in history, and some of the must-visit landmarks include: Ba\u0161\u010dar\u0161ija \u2013 the old town filled with numerous artisan shops, stores, and traditional food restaurants; Vrelo Bosne; the National Museum; and many other sites that unveil the rich history and culture of Sarajevo. Being at the heart of the Southeast European region, it's also a fantastic starting point for touring the entire area.<\/span><\/p>\t\t\t\t\t\t\t\t<\/div>\n\t\t\t\t<\/div>\n\t\t\t\t<\/div>\n\t\t\t\t\t<\/div>\n\t\t\t\t<\/div>\n\t\t\t\t<\/div>","protected":false},"excerpt":{"rendered":"<p>Dentalni turizam &#8211; Izvrsna opcija Dentalni turizam je izvrsna opcija za pacijente koji tra\u017ee kvalitetnu stomatolo\u0161ku uslugu po pristupa\u010dnim cijenama. Na\u0161a poliklinika sa specijalistima iz razli\u010ditih oblasti stomatologije pru\u017ea vam sveobuhvatnu uslugu bez potrebe za odlaskom u druge ordinacije.\u00a0\u00a0 Posjedujemo radiolo\u0161ki centar opremljen najmodernijim ure\u0111ajem koji pru\u017ea mogu\u0107nost pravljenja svih vrsta radiolo\u0161kih snimaka u stomatologiji [&hellip;]<\/p>","protected":false},"author":1,"featured_media":2757,"parent":0,"menu_order":0,"comment_status":"closed","ping_status":"closed","template":"","meta":{"footnotes":""},"yst_prominent_words":[],"class_list":["post-2626","page","type-page","status-publish","has-post-thumbnail","hentry"],"_links":{"self":[{"href":"https:\/\/sulic.interstil.org\/en\/wp-json\/wp\/v2\/pages\/2626","targetHints":{"allow":["GET"]}}],"collection":[{"href":"https:\/\/sulic.interstil.org\/en\/wp-json\/wp\/v2\/pages"}],"about":[{"href":"https:\/\/sulic.interstil.org\/en\/wp-json\/wp\/v2\/types\/page"}],"author":[{"embeddable":true,"href":"https:\/\/sulic.interstil.org\/en\/wp-json\/wp\/v2\/users\/1"}],"replies":[{"embeddable":true,"href":"https:\/\/sulic.interstil.org\/en\/wp-json\/wp\/v2\/comments?post=2626"}],"version-history":[{"count":55,"href":"https:\/\/sulic.interstil.org\/en\/wp-json\/wp\/v2\/pages\/2626\/revisions"}],"predecessor-version":[{"id":3137,"href":"https:\/\/sulic.interstil.org\/en\/wp-json\/wp\/v2\/pages\/2626\/revisions\/3137"}],"wp:featuredmedia":[{"embeddable":true,"href":"https:\/\/sulic.interstil.org\/en\/wp-json\/wp\/v2\/media\/2757"}],"wp:attachment":[{"href":"https:\/\/sulic.interstil.org\/en\/wp-json\/wp\/v2\/media?parent=2626"}],"wp:term":[{"taxonomy":"yst_prominent_words","embeddable":true,"href":"https:\/\/sulic.interstil.org\/en\/wp-json\/wp\/v2\/yst_prominent_words?post=2626"}],"curies":[{"name":"wp","href":"https:\/\/api.w.org\/{rel}","templated":true}]}}