{"id":2632,"date":"2023-06-26T10:37:45","date_gmt":"2023-06-26T08:37:45","guid":{"rendered":"https:\/\/sulic.interstil.org\/?page_id=2632"},"modified":"2023-08-16T13:17:05","modified_gmt":"2023-08-16T11:17:05","slug":"dentalni-turizam-u-sarajevu","status":"publish","type":"page","link":"https:\/\/sulic.interstil.org\/en\/dentalni-turizam-u-sarajevu\/","title":{"rendered":"Dental tourism in Sarajevo"},"content":{"rendered":"<div data-elementor-type=\"wp-page\" data-elementor-id=\"2632\" class=\"elementor elementor-2632\" data-elementor-post-type=\"page\">\n\t\t\t\t<div class=\"elementor-element elementor-element-47a8ec2 e-flex e-con-boxed e-con e-parent\" data-id=\"47a8ec2\" data-element_type=\"container\">\n\t\t\t\t\t<div class=\"e-con-inner\">\n\t\t\t\t<div class=\"elementor-element elementor-element-57ca2f9 elementor-widget elementor-widget-text-editor\" data-id=\"57ca2f9\" data-element_type=\"widget\" data-widget_type=\"text-editor.default\">\n\t\t\t\t<div class=\"elementor-widget-container\">\n\t\t\t\t\t\t\t\t\t<p>Dentalni turizam mo\u017ee biti izvrsna opcija za pacijente koji tra\u017ee kvalitetnu stomatolo\u0161ku uslugu po pristupa\u010dnim cijenama. Va\u017eno je prona\u0107i pravu kliniku koja \u0107e Vam pru\u017eiti najbolju mogu\u0107u uslugu. Jedan od glavih razloga za odabir dentalnog turizma je finansijska u\u0161teda. Na\u0161a poliklnika nudi stomatolo\u0161ke usluge po znatno ni\u017eim cijenama u pore\u0111enju sa zapadnim zemljama. Za pacijenta to zna\u010di da mo\u017ee u\u0161tediti novac na stomatolo\u0161kim uslugama bez \u017ertvovanja na kvaliteti.<\/p><h4><strong>Za\u0161to izabrati Polikliniku dr Bandi\u0107?<\/strong><\/h4><p>Kada se radi o zdravlju uvijek je va\u017eno izabrati najbolje mogu\u0107e opcije, a posebice uzimaju\u0107i u obzir da su zubi i desni klju\u010dni za o\u010duvanje cjelokupnog zdravlja organizma. Koriste\u0107i se najnovijom opremom i tehnologijom, koji predstavljaju klju\u010dni faktor jer se zahvati mogu obavljati br\u017ee, efikasnije i sa manje bola, na\u0161i iskusni stomatolozi prepoznaju probleme pacijenata i rje\u0161avaju ih na najbolji mogu\u0107i na\u010din.<\/p><p>Na\u0161a poliklinika sa specijalistima iz razli\u010ditih oblasti stomatologije pru\u017ea Vam sveobuhvatnu uslugu bez potrebe za odlaskom u druge ordinacije. Posjedujemo radiolo\u0161ki centar opremljen najmodernijim ure\u0111ajem koji pru\u017ea mogu\u0107nost pravljenja svih vrsta radiolo\u0161kih snimaka u stomatologiji u visokoj rezoluciji. U sklopu poliklinike se nalazi i vlastiti zubotehni\u010dki laboratorij opremljen savremenom opremom. Vlastiti laboratorij nam omogu\u0107ava br\u017eu izradu svih vrsta protetskih radova, kao i personalizovanu uslugu za svakog pacijenta.<\/p><p>Potvrda o ispunjavanju standarda sigurnosti i kvaliteta u stomatolo\u0161koj djelatnosti je i certifikat Agencije za kvalitet i akreditaciju zdravstva Federacije Bosne i Hercegovine, \u010dime smo postali prva i jedina akreditovana ustanova iz oblasti stomatologije u FBiH.<\/p><h4><strong>Kako zakazati dolazak?<\/strong><\/h4><p>Svi pacijenti koji \u017eele da zakazati dolazak mogu nam se javiti putem maila, vibera, instagrama ili facebooka. Nakon uspostavljenog kontakta po\u017eeljno je da pacijent po\u0161alje svoj rengentski snimak i fotografije zuba, kako bi mogli predo\u010diti sve opcije, kao i okvirnu cijenu rada. Poslije dogovora zakazuje se dolazak pacijenta u skaldu sa njegovim mogu\u0107nostima.<\/p><p>Za pacijente sa ve\u0107im radovima obezbjedili smo besplatan smje\u0161taj, kao i transfer od aerodrome Sarajevo do hotela i na\u0161e poliklinike. Pacijenti koji slije\u0107u na aerodrom Tuzla nudimo organizaciju transfera do Sarajeva.<\/p>\t\t\t\t\t\t\t\t<\/div>\n\t\t\t\t<\/div>\n\t\t\t\t\t<\/div>\n\t\t\t\t<\/div>\n\t\t<div class=\"elementor-element elementor-element-0a49f92 e-flex e-con-boxed e-con e-parent\" data-id=\"0a49f92\" data-element_type=\"container\">\n\t\t\t\t\t<div class=\"e-con-inner\">\n\t\t<div class=\"elementor-element elementor-element-c507e3a e-con-full e-flex e-con e-parent\" data-id=\"c507e3a\" data-element_type=\"container\">\n\t\t\t\t<div class=\"elementor-element elementor-element-4d45e1e elementor-widget elementor-widget-text-editor\" data-id=\"4d45e1e\" data-element_type=\"widget\" data-widget_type=\"text-editor.default\">\n\t\t\t\t<div class=\"elementor-widget-container\">\n\t\t\t\t\t\t\t\t\t<p>Na\u0161a poliklinika je sastavljena od vrhunskih stomatologa koji su specijalizirani za razli\u010dite oblasti stomatologije. Sa nama \u0107ete dobiti vrhusnku stomatolo\u0161ku uslugu, od rutinskih pregleda i \u010di\u0161\u0107enja zuba do slo\u017eenih zahvata poput ugradnje implantata ili ortodontskog lije\u010denja. Spoj najmodernije opreme, najkvalitetnijih materijala i stru\u010dnog osoblja idealna su opcija za sve pacijente iz inostranstva koji tra\u017ee vrhunsku stomatolo\u0161ku uslugu po povoljnim cijenama. Kontaktirajte nas i zaka\u017eite svoj termin jo\u0161 danas!<\/p><p>U pauzama od stomatolo\u0161kih tretmana pacijenti mogu posjetiti turisti\u010dke atrakcije Sarajeva gdje se susre\u0107u istok i zapad. Sarajevo je grad bogate historije a neke od najzna\u010dajnijih atrakcija koje bi trebalo posjetiti su: Ba\u0161\u010dar\u0161ija \u2013 stari dio grada sa mnogobrojnim zanatskim radnjama, trgovinama, restoranima tradicionalne hrane, Vrelo Bosne, Zemaljski muzej i mnoge druge znamenitosti koje otkrivaju bogatu historiju i kulturu Sarajeva. Kako se nalazi u srcu regiona Jugoisto\u010dne Evrope odli\u010dna je polazna ta\u010dka i za obilazak cijelog regiona.<\/p>\t\t\t\t\t\t\t\t<\/div>\n\t\t\t\t<\/div>\n\t\t\t\t<\/div>\n\t\t<div class=\"elementor-element elementor-element-88cfb28 e-con-full e-flex e-con e-parent\" data-id=\"88cfb28\" data-element_type=\"container\">\n\t\t\t\t<div class=\"elementor-element elementor-element-1da72b3 elementor-pagination-position-outside elementor-widget elementor-widget-image-carousel\" data-id=\"1da72b3\" data-element_type=\"widget\" data-settings=\"{&quot;slides_to_show&quot;:&quot;1&quot;,&quot;navigation&quot;:&quot;dots&quot;,&quot;autoplay&quot;:&quot;yes&quot;,&quot;pause_on_hover&quot;:&quot;yes&quot;,&quot;pause_on_interaction&quot;:&quot;yes&quot;,&quot;autoplay_speed&quot;:5000,&quot;infinite&quot;:&quot;yes&quot;,&quot;effect&quot;:&quot;slide&quot;,&quot;speed&quot;:500}\" data-widget_type=\"image-carousel.default\">\n\t\t\t\t<div class=\"elementor-widget-container\">\n\t\t\t\t\t\t\t<div class=\"elementor-image-carousel-wrapper swiper\" role=\"region\" aria-roledescription=\"carousel\" aria-label=\"Image Carousel\" dir=\"ltr\">\n\t\t\t<div class=\"elementor-image-carousel swiper-wrapper swiper-image-stretch\" aria-live=\"off\">\n\t\t\t\t\t\t\t\t<div class=\"swiper-slide\" role=\"group\" aria-roledescription=\"slide\" aria-label=\"1 of 9\"><figure class=\"swiper-slide-inner\"><img decoding=\"async\" class=\"swiper-slide-image\" src=\"https:\/\/sulic.interstil.org\/wp-content\/uploads\/2023\/08\/bascarsija.png\" alt=\"bascarsija\" \/><\/figure><\/div><div class=\"swiper-slide\" role=\"group\" aria-roledescription=\"slide\" aria-label=\"2 of 9\"><figure class=\"swiper-slide-inner\"><img decoding=\"async\" class=\"swiper-slide-image\" src=\"https:\/\/sulic.interstil.org\/wp-content\/uploads\/2023\/08\/katedrala.png\" alt=\"katedrala\" \/><\/figure><\/div><div class=\"swiper-slide\" role=\"group\" aria-roledescription=\"slide\" aria-label=\"3 of 9\"><figure class=\"swiper-slide-inner\"><img decoding=\"async\" class=\"swiper-slide-image\" src=\"https:\/\/sulic.interstil.org\/wp-content\/uploads\/2023\/08\/vijecnica.png\" alt=\"vijecnica\" \/><\/figure><\/div><div class=\"swiper-slide\" role=\"group\" aria-roledescription=\"slide\" aria-label=\"4 of 9\"><figure class=\"swiper-slide-inner\"><img decoding=\"async\" class=\"swiper-slide-image\" src=\"https:\/\/sulic.interstil.org\/wp-content\/uploads\/2023\/08\/vrelo-bosne.png\" alt=\"vrelo-bosne\" \/><\/figure><\/div><div class=\"swiper-slide\" role=\"group\" aria-roledescription=\"slide\" aria-label=\"5 of 9\"><figure class=\"swiper-slide-inner\"><img decoding=\"async\" class=\"swiper-slide-image\" src=\"https:\/\/sulic.interstil.org\/wp-content\/uploads\/2023\/08\/hrana-1.png\" alt=\"hrana-1\" \/><\/figure><\/div><div class=\"swiper-slide\" role=\"group\" aria-roledescription=\"slide\" aria-label=\"6 of 9\"><figure class=\"swiper-slide-inner\"><img decoding=\"async\" class=\"swiper-slide-image\" src=\"https:\/\/sulic.interstil.org\/wp-content\/uploads\/2023\/08\/hrana-2.png\" alt=\"hrana-2\" \/><\/figure><\/div><div class=\"swiper-slide\" role=\"group\" aria-roledescription=\"slide\" aria-label=\"7 of 9\"><figure class=\"swiper-slide-inner\"><img decoding=\"async\" class=\"swiper-slide-image\" src=\"https:\/\/sulic.interstil.org\/wp-content\/uploads\/2023\/08\/hrana-3.png\" alt=\"hrana-3\" \/><\/figure><\/div><div class=\"swiper-slide\" role=\"group\" aria-roledescription=\"slide\" aria-label=\"8 of 9\"><figure class=\"swiper-slide-inner\"><img decoding=\"async\" class=\"swiper-slide-image\" src=\"https:\/\/sulic.interstil.org\/wp-content\/uploads\/2023\/08\/hrana-4.png\" alt=\"hrana-4\" \/><\/figure><\/div><div class=\"swiper-slide\" role=\"group\" aria-roledescription=\"slide\" aria-label=\"9 of 9\"><figure class=\"swiper-slide-inner\"><img decoding=\"async\" class=\"swiper-slide-image\" src=\"https:\/\/sulic.interstil.org\/wp-content\/uploads\/2023\/08\/kafa.png\" alt=\"kafa\" \/><\/figure><\/div>\t\t\t<\/div>\n\t\t\t\t\t\t\t\n\t\t\t\t\t\t\t\t\t<div class=\"swiper-pagination\"><\/div>\n\t\t\t\t\t\t\t\t\t<\/div>\n\t\t\t\t\t\t<\/div>\n\t\t\t\t<\/div>\n\t\t\t\t<\/div>\n\t\t\t\t\t<\/div>\n\t\t\t\t<\/div>\n\t\t\t\t<\/div>","protected":false},"excerpt":{"rendered":"<p>Dentalni turizam mo\u017ee biti izvrsna opcija za pacijente koji tra\u017ee kvalitetnu stomatolo\u0161ku uslugu po pristupa\u010dnim cijenama. Va\u017eno je prona\u0107i pravu kliniku koja \u0107e Vam pru\u017eiti najbolju mogu\u0107u uslugu. Jedan od glavih razloga za odabir dentalnog turizma je finansijska u\u0161teda. Na\u0161a poliklnika nudi stomatolo\u0161ke usluge po znatno ni\u017eim cijenama u pore\u0111enju sa zapadnim zemljama. Za pacijenta [&hellip;]<\/p>","protected":false},"author":1,"featured_media":2757,"parent":0,"menu_order":0,"comment_status":"closed","ping_status":"closed","template":"","meta":{"footnotes":""},"yst_prominent_words":[],"class_list":["post-2632","page","type-page","status-publish","has-post-thumbnail","hentry"],"_links":{"self":[{"href":"https:\/\/sulic.interstil.org\/en\/wp-json\/wp\/v2\/pages\/2632","targetHints":{"allow":["GET"]}}],"collection":[{"href":"https:\/\/sulic.interstil.org\/en\/wp-json\/wp\/v2\/pages"}],"about":[{"href":"https:\/\/sulic.interstil.org\/en\/wp-json\/wp\/v2\/types\/page"}],"author":[{"embeddable":true,"href":"https:\/\/sulic.interstil.org\/en\/wp-json\/wp\/v2\/users\/1"}],"replies":[{"embeddable":true,"href":"https:\/\/sulic.interstil.org\/en\/wp-json\/wp\/v2\/comments?post=2632"}],"version-history":[{"count":29,"href":"https:\/\/sulic.interstil.org\/en\/wp-json\/wp\/v2\/pages\/2632\/revisions"}],"predecessor-version":[{"id":3121,"href":"https:\/\/sulic.interstil.org\/en\/wp-json\/wp\/v2\/pages\/2632\/revisions\/3121"}],"wp:featuredmedia":[{"embeddable":true,"href":"https:\/\/sulic.interstil.org\/en\/wp-json\/wp\/v2\/media\/2757"}],"wp:attachment":[{"href":"https:\/\/sulic.interstil.org\/en\/wp-json\/wp\/v2\/media?parent=2632"}],"wp:term":[{"taxonomy":"yst_prominent_words","embeddable":true,"href":"https:\/\/sulic.interstil.org\/en\/wp-json\/wp\/v2\/yst_prominent_words?post=2632"}],"curies":[{"name":"wp","href":"https:\/\/api.w.org\/{rel}","templated":true}]}}