{"id":2634,"date":"2023-06-26T10:38:19","date_gmt":"2023-06-26T08:38:19","guid":{"rendered":"https:\/\/sulic.interstil.org\/?page_id=2634"},"modified":"2023-08-14T11:13:09","modified_gmt":"2023-08-14T09:13:09","slug":"all-inclusive-stomatolosko-lijecenje","status":"publish","type":"page","link":"https:\/\/sulic.interstil.org\/en\/all-inclusive-stomatolosko-lijecenje\/","title":{"rendered":"All inclusive dental treatment"},"content":{"rendered":"<div data-elementor-type=\"wp-page\" data-elementor-id=\"2634\" class=\"elementor elementor-2634\" data-elementor-post-type=\"page\">\n\t\t\t\t<div class=\"elementor-element elementor-element-6364c1e e-flex e-con-boxed e-con e-parent\" data-id=\"6364c1e\" data-element_type=\"container\">\n\t\t\t\t\t<div class=\"e-con-inner\">\n\t\t\t\t<div class=\"elementor-element elementor-element-0447bcc elementor-widget elementor-widget-text-editor\" data-id=\"0447bcc\" data-element_type=\"widget\" data-widget_type=\"text-editor.default\">\n\t\t\t\t<div class=\"elementor-widget-container\">\n\t\t\t\t\t\t\t\t\t<h4><strong>\u0160ta nudi Poliklinika Bandi\u0107?<\/strong><\/h4><p>Vrhunski opremljena Poliklinika obuhvata 250m2, sa vi\u0161e od 35 uposlenih, spremna je odgovoriti na svaki zahtjev i \u017eelju pacijenta.<\/p><p>Na\u0161a poliklinika sa specijalistima iz razli\u010ditih oblasti stomatologije pru\u017ea Vam sveobuhvatnu uslugu bez potrebe za odlaskom u druge ordinacije. Posjedujemo radiolo\u0161ki centar opremljen najmodernijim ure\u0111ajem koji pru\u017ea mogu\u0107nost pravljenja svih vrsta radiolo\u0161kih snimaka u stomatologiji u visokoj rezoluciji. U sklopu poliklinike se nalazi i vlastiti zubotehni\u010dki laboratorij opremljen savremenom opremom. Vlastiti laboratorij nam omogu\u0107ava br\u017eu izradu svih vrsta protetskih radova, kao i personalizovanu uslugu za svakog pacijenta.<\/p><p>Kako bi cijeli proces bio \u0161to ugodniji za pacijente koji dolaze iz inostranstva nudimo mogu\u0107nosti organizacije smje\u0161taja, kao i transfera od aerodroma, \u017eeljezni\u010dke ili autobuske stanice do poliklinike i smje\u0161taja.<\/p><h4><strong>Koliko dana je potrebno za stomatolo\u0161ki tretman?<\/strong><\/h4><p>Sasvim je prirodno da se zapitate koliko vam vremena treba. Me\u0111utim, ne bi bilo ispravno da se za to navodi ta\u010dno vrijeme. Vi\u0161e faktora mo\u017ee uticati na pripremu i izradu protetskog rada, kao npr.:<\/p><ul><li>stanje usne \u0161upljine pacijenta<\/li><li>vrsta protetskog rada<\/li><li>zdravstveno stanje pacijenta<\/li><\/ul><p>Sam proces izrade protetskog rada traje od 5-7 dana ukoliko pacijent ima zdrave zube.<\/p><p>Za ugradnju implantata naj\u010de\u0161\u0107e je dovoljan jedan dan, dok pacijent privremeni rad mo\u017ee dobiti u roku od 24 sata ukoliko za to postoje adekvatni uslovi u usnoj \u0161upljini pacijenta.<\/p>\t\t\t\t\t\t\t\t<\/div>\n\t\t\t\t<\/div>\n\t\t\t\t\t<\/div>\n\t\t\t\t<\/div>\n\t\t<div class=\"elementor-element elementor-element-4421570 e-flex e-con-boxed e-con e-parent\" data-id=\"4421570\" data-element_type=\"container\">\n\t\t\t\t\t<div class=\"e-con-inner\">\n\t\t<div class=\"elementor-element elementor-element-450d904 e-flex e-con-boxed e-con e-parent\" data-id=\"450d904\" data-element_type=\"container\">\n\t\t\t\t\t<div class=\"e-con-inner\">\n\t\t\t\t<div class=\"elementor-element elementor-element-0bba319 elementor-widget elementor-widget-text-editor\" data-id=\"0bba319\" data-element_type=\"widget\" data-widget_type=\"text-editor.default\">\n\t\t\t\t<div class=\"elementor-widget-container\">\n\t\t\t\t\t\t\t\t\t<h4><strong>Besplatno online savjetovanje i pronalazak rje\u0161enja<\/strong><\/h4><p>Besplatno online savjetovanje nudimo svim pacijentima koji su zainteresovani za kvalitetnu stomatolo\u0161ku uslugu po najpovoljnijim cijenama.<\/p><p>Ukoliko \u017eelite rije\u0161iti nedostatak zuba, iskorigovati Va\u0161 osmijeh ili priu\u0161titi Hollywood smile dovoljno je da nas kontatkriate putem kontakt brojeva ili na\u0161ih dru\u0161tvenih mre\u017ea, kako bi prona\u0161li najbolje rje\u0161enje za Vas. Nakon \u0161to uputite zahtjev, u potrebi za stomatolo\u0161kim tretmanom, stru\u010dni tim Poliklinke \u0107e Vam dati jasne i detaljne upute kako bi Vam u \u0161to kra\u0107em vremenskom roku ponudili rje\u0161enje va\u0161eg problema.<\/p>\t\t\t\t\t\t\t\t<\/div>\n\t\t\t\t<\/div>\n\t\t\t\t\t<\/div>\n\t\t\t\t<\/div>\n\t\t<div class=\"elementor-element elementor-element-d75d2b8 e-flex e-con-boxed e-con e-parent\" data-id=\"d75d2b8\" data-element_type=\"container\">\n\t\t\t\t\t<div class=\"e-con-inner\">\n\t\t\t\t<div class=\"elementor-element elementor-element-b42cf3a elementor-pagination-position-outside elementor-widget elementor-widget-image-carousel\" data-id=\"b42cf3a\" data-element_type=\"widget\" data-settings=\"{&quot;slides_to_show&quot;:&quot;1&quot;,&quot;navigation&quot;:&quot;dots&quot;,&quot;autoplay&quot;:&quot;yes&quot;,&quot;pause_on_hover&quot;:&quot;yes&quot;,&quot;pause_on_interaction&quot;:&quot;yes&quot;,&quot;autoplay_speed&quot;:5000,&quot;infinite&quot;:&quot;yes&quot;,&quot;effect&quot;:&quot;slide&quot;,&quot;speed&quot;:500}\" data-widget_type=\"image-carousel.default\">\n\t\t\t\t<div class=\"elementor-widget-container\">\n\t\t\t\t\t\t\t<div class=\"elementor-image-carousel-wrapper swiper\" role=\"region\" aria-roledescription=\"carousel\" aria-label=\"Image Carousel\" dir=\"ltr\">\n\t\t\t<div class=\"elementor-image-carousel swiper-wrapper swiper-image-stretch\" aria-live=\"off\">\n\t\t\t\t\t\t\t\t<div class=\"swiper-slide\" role=\"group\" aria-roledescription=\"slide\" aria-label=\"1 of 5\"><figure class=\"swiper-slide-inner\"><img decoding=\"async\" class=\"swiper-slide-image\" src=\"https:\/\/sulic.interstil.org\/wp-content\/uploads\/2023\/08\/apartman-1-768x576.jpg\" alt=\"apartman 1\" \/><\/figure><\/div><div class=\"swiper-slide\" role=\"group\" aria-roledescription=\"slide\" aria-label=\"2 of 5\"><figure class=\"swiper-slide-inner\"><img decoding=\"async\" class=\"swiper-slide-image\" src=\"https:\/\/sulic.interstil.org\/wp-content\/uploads\/2023\/08\/APARTMAN-2-768x576.jpg\" alt=\"APARTMAN 2\" \/><\/figure><\/div><div class=\"swiper-slide\" role=\"group\" aria-roledescription=\"slide\" aria-label=\"3 of 5\"><figure class=\"swiper-slide-inner\"><img decoding=\"async\" class=\"swiper-slide-image\" src=\"https:\/\/sulic.interstil.org\/wp-content\/uploads\/2023\/08\/APARTMAN-3-768x576.jpg\" alt=\"APARTMAN 3\" \/><\/figure><\/div><div class=\"swiper-slide\" role=\"group\" aria-roledescription=\"slide\" aria-label=\"4 of 5\"><figure class=\"swiper-slide-inner\"><img decoding=\"async\" class=\"swiper-slide-image\" src=\"https:\/\/sulic.interstil.org\/wp-content\/uploads\/2023\/08\/apartman-4-768x576.jpg\" alt=\"apartman 4\" \/><\/figure><\/div><div class=\"swiper-slide\" role=\"group\" aria-roledescription=\"slide\" aria-label=\"5 of 5\"><figure class=\"swiper-slide-inner\"><img decoding=\"async\" class=\"swiper-slide-image\" src=\"https:\/\/sulic.interstil.org\/wp-content\/uploads\/2023\/08\/APARTMAN-5-768x576.jpg\" alt=\"APARTMAN 5\" \/><\/figure><\/div>\t\t\t<\/div>\n\t\t\t\t\t\t\t\n\t\t\t\t\t\t\t\t\t<div class=\"swiper-pagination\"><\/div>\n\t\t\t\t\t\t\t\t\t<\/div>\n\t\t\t\t\t\t<\/div>\n\t\t\t\t<\/div>\n\t\t\t\t\t<\/div>\n\t\t\t\t<\/div>\n\t\t\t\t\t<\/div>\n\t\t\t\t<\/div>\n\t\t\t\t<\/div>","protected":false},"excerpt":{"rendered":"<p>\u0160ta nudi Poliklinika Bandi\u0107? Vrhunski opremljena Poliklinika obuhvata 250m2, sa vi\u0161e od 35 uposlenih, spremna je odgovoriti na svaki zahtjev i \u017eelju pacijenta. Na\u0161a poliklinika sa specijalistima iz razli\u010ditih oblasti stomatologije pru\u017ea Vam sveobuhvatnu uslugu bez potrebe za odlaskom u druge ordinacije. Posjedujemo radiolo\u0161ki centar opremljen najmodernijim ure\u0111ajem koji pru\u017ea mogu\u0107nost pravljenja svih vrsta radiolo\u0161kih [&hellip;]<\/p>","protected":false},"author":1,"featured_media":2757,"parent":0,"menu_order":0,"comment_status":"closed","ping_status":"closed","template":"","meta":{"footnotes":""},"yst_prominent_words":[],"class_list":["post-2634","page","type-page","status-publish","has-post-thumbnail","hentry"],"_links":{"self":[{"href":"https:\/\/sulic.interstil.org\/en\/wp-json\/wp\/v2\/pages\/2634","targetHints":{"allow":["GET"]}}],"collection":[{"href":"https:\/\/sulic.interstil.org\/en\/wp-json\/wp\/v2\/pages"}],"about":[{"href":"https:\/\/sulic.interstil.org\/en\/wp-json\/wp\/v2\/types\/page"}],"author":[{"embeddable":true,"href":"https:\/\/sulic.interstil.org\/en\/wp-json\/wp\/v2\/users\/1"}],"replies":[{"embeddable":true,"href":"https:\/\/sulic.interstil.org\/en\/wp-json\/wp\/v2\/comments?post=2634"}],"version-history":[{"count":17,"href":"https:\/\/sulic.interstil.org\/en\/wp-json\/wp\/v2\/pages\/2634\/revisions"}],"predecessor-version":[{"id":3003,"href":"https:\/\/sulic.interstil.org\/en\/wp-json\/wp\/v2\/pages\/2634\/revisions\/3003"}],"wp:featuredmedia":[{"embeddable":true,"href":"https:\/\/sulic.interstil.org\/en\/wp-json\/wp\/v2\/media\/2757"}],"wp:attachment":[{"href":"https:\/\/sulic.interstil.org\/en\/wp-json\/wp\/v2\/media?parent=2634"}],"wp:term":[{"taxonomy":"yst_prominent_words","embeddable":true,"href":"https:\/\/sulic.interstil.org\/en\/wp-json\/wp\/v2\/yst_prominent_words?post=2634"}],"curies":[{"name":"wp","href":"https:\/\/api.w.org\/{rel}","templated":true}]}}