{"id":2636,"date":"2023-06-26T10:38:44","date_gmt":"2023-06-26T08:38:44","guid":{"rendered":"https:\/\/sulic.interstil.org\/?page_id=2636"},"modified":"2023-08-14T11:16:04","modified_gmt":"2023-08-14T09:16:04","slug":"neophodne-informacije","status":"publish","type":"page","link":"https:\/\/sulic.interstil.org\/en\/neophodne-informacije\/","title":{"rendered":"Necessary information"},"content":{"rendered":"<div data-elementor-type=\"wp-page\" data-elementor-id=\"2636\" class=\"elementor elementor-2636\" data-elementor-post-type=\"page\">\n\t\t\t\t<div class=\"elementor-element elementor-element-3639d3d e-flex e-con-boxed e-con e-parent\" data-id=\"3639d3d\" data-element_type=\"container\">\n\t\t\t\t\t<div class=\"e-con-inner\">\n\t\t\t\t<div class=\"elementor-element elementor-element-145cbff elementor-widget elementor-widget-text-editor\" data-id=\"145cbff\" data-element_type=\"widget\" data-widget_type=\"text-editor.default\">\n\t\t\t\t<div class=\"elementor-widget-container\">\n\t\t\t\t\t\t\t\t\t<h5><strong>STEP 1 - Contact us<\/strong><\/h5><p>You can send your inquiry via E-mail, Facebook, Instagram, Viber, or WhatsApp. The Bandi\u0107 Clinic team will respond as soon as possible. If possible, it would be desirable to attach a tooth X-ray of both the upper and lower jaws (OPG X-ray) and photos of your teeth to your inquiry, based on which we will analyze the condition of your oral cavity and provide a detailed answer. If you cannot send an X-ray, you can have it taken at our Clinic upon your arrival. It is essential to inform us about your health condition and if you are on any therapy when you first contact us so that an appropriate treatment plan can be made.<\/p><h5><strong>STEP 2 - Appointment booking<\/strong><\/h5><p>After forwarding the detailed treatment plan to the patient, it is necessary for the patient to schedule an exact appointment. To reserve a date and dental treatment, the patient needs to make a deposit of 500.00 EUR. If the patient cancels the dental appointment, the mentioned deposit is non-refundable.<\/p><h5><strong>STEP 3 - Accommodation and transfer<\/strong><\/h5><p>We have provided all patients with a transfer from Sarajevo airport, railway, or bus station to the Clinic and accommodation. For major interventions, accommodation and transfer are free of charge.<\/p><h5><strong>STEP 4 - Visit to the Clinic<\/strong><\/h5><p>Upon arrival at the Clinic, a clinical examination is carried out, followed by preparations for the dental intervention. Upon arrival, the patient pays a 50% advance of the total price. Each dental intervention will be done as quickly as possible, based on prior agreement with the patient.<\/p><h5><strong>STEP 5 - Completion of the process<\/strong><\/h5><p>Before the end of the dental treatment, the patient pays the remaining amount for the services provided. A control x-ray is taken for the patient, and detailed instructions on oral care are given.<\/p><p><strong>For a successful procedure, it's essential to listen to the dentist's advice and regularly come for check-ups!<\/strong><\/p>\t\t\t\t\t\t\t\t<\/div>\n\t\t\t\t<\/div>\n\t\t\t\t\t<\/div>\n\t\t\t\t<\/div>\n\t\t\t\t<\/div>","protected":false},"excerpt":{"rendered":"<p>KORAK 1 &#8211; Pi\u0161ite nam Va\u0161 upit nam mo\u017eete poslati putem E-maila, Facebooka, Instagrama, Vibera ili WhatsApp-a. Tim Poliklinike Bandi\u0107 \u0107e Vam na isti odgovoriti u najkra\u0107em vremenskom roku. Ukoliko ste u mogu\u0107nsti, bilo bi po\u017eeljno da uz upit dostavite i snimak zuba gornje i donje vilice (OPG snimak), kao i fotografije Va\u0161ih zuba na [&hellip;]<\/p>","protected":false},"author":1,"featured_media":2757,"parent":0,"menu_order":0,"comment_status":"closed","ping_status":"closed","template":"","meta":{"footnotes":""},"yst_prominent_words":[],"class_list":["post-2636","page","type-page","status-publish","has-post-thumbnail","hentry"],"_links":{"self":[{"href":"https:\/\/sulic.interstil.org\/en\/wp-json\/wp\/v2\/pages\/2636","targetHints":{"allow":["GET"]}}],"collection":[{"href":"https:\/\/sulic.interstil.org\/en\/wp-json\/wp\/v2\/pages"}],"about":[{"href":"https:\/\/sulic.interstil.org\/en\/wp-json\/wp\/v2\/types\/page"}],"author":[{"embeddable":true,"href":"https:\/\/sulic.interstil.org\/en\/wp-json\/wp\/v2\/users\/1"}],"replies":[{"embeddable":true,"href":"https:\/\/sulic.interstil.org\/en\/wp-json\/wp\/v2\/comments?post=2636"}],"version-history":[{"count":11,"href":"https:\/\/sulic.interstil.org\/en\/wp-json\/wp\/v2\/pages\/2636\/revisions"}],"predecessor-version":[{"id":3006,"href":"https:\/\/sulic.interstil.org\/en\/wp-json\/wp\/v2\/pages\/2636\/revisions\/3006"}],"wp:featuredmedia":[{"embeddable":true,"href":"https:\/\/sulic.interstil.org\/en\/wp-json\/wp\/v2\/media\/2757"}],"wp:attachment":[{"href":"https:\/\/sulic.interstil.org\/en\/wp-json\/wp\/v2\/media?parent=2636"}],"wp:term":[{"taxonomy":"yst_prominent_words","embeddable":true,"href":"https:\/\/sulic.interstil.org\/en\/wp-json\/wp\/v2\/yst_prominent_words?post=2636"}],"curies":[{"name":"wp","href":"https:\/\/api.w.org\/{rel}","templated":true}]}}