{"id":3,"date":"2021-01-01T00:00:39","date_gmt":"2020-12-31T23:00:39","guid":{"rendered":"https:\/\/sulic.interstil.org\/?page_id=3"},"modified":"2021-05-23T21:46:05","modified_gmt":"2021-05-23T19:46:05","slug":"politika-privatnosti","status":"publish","type":"page","link":"https:\/\/sulic.interstil.org\/en\/politika-privatnosti\/","title":{"rendered":"Privacy Policy"},"content":{"rendered":"<div data-elementor-type=\"wp-page\" data-elementor-id=\"3\" class=\"elementor elementor-3\" data-elementor-post-type=\"page\">\n\t\t\t\t\t\t<section class=\"elementor-section elementor-top-section elementor-element elementor-element-ebf75a8 elementor-section-full_width elementor-section-height-default elementor-section-height-default\" data-id=\"ebf75a8\" data-element_type=\"section\">\n\t\t\t\t\t\t<div class=\"elementor-container elementor-column-gap-no\">\n\t\t\t\t\t<nav class=\"elementor-column elementor-col-50 elementor-top-column elementor-element elementor-element-790fd7f elementor-hidden-phone\" data-id=\"790fd7f\" data-element_type=\"column\">\n\t\t\t<div class=\"elementor-widget-wrap elementor-element-populated\">\n\t\t\t\t\t\t<div class=\"elementor-element elementor-element-de2c2a9 elementor-widget elementor-widget-template\" data-id=\"de2c2a9\" data-element_type=\"widget\" data-settings=\"{&quot;sticky&quot;:&quot;top&quot;,&quot;sticky_on&quot;:[&quot;desktop&quot;,&quot;tablet&quot;],&quot;sticky_offset&quot;:0,&quot;sticky_effects_offset&quot;:0,&quot;sticky_anchor_link_offset&quot;:0}\" data-widget_type=\"template.default\">\n\t\t\t\t<div class=\"elementor-widget-container\">\n\t\t\t\t\t\t\t<div class=\"elementor-template\">\n\t\t\t\t\t<header data-elementor-type=\"section\" data-elementor-id=\"249\" class=\"elementor elementor-249\" data-elementor-post-type=\"elementor_library\">\n\t\t\t\t\t<header class=\"elementor-section elementor-top-section elementor-element elementor-element-816d4e9 elementor-section-full_width elementor-section-height-min-height elementor-section-items-stretch elementor-section-content-space-between elementor-hidden-mobile elementor-section-height-default\" data-id=\"816d4e9\" data-element_type=\"section\" data-settings=\"{&quot;background_background&quot;:&quot;classic&quot;}\">\n\t\t\t\t\t\t<div class=\"elementor-container elementor-column-gap-no\">\n\t\t\t\t\t<div class=\"elementor-column elementor-col-100 elementor-top-column elementor-element elementor-element-a1e7cbf\" data-id=\"a1e7cbf\" data-element_type=\"column\">\n\t\t\t<div class=\"elementor-widget-wrap elementor-element-populated\">\n\t\t\t\t\t\t<div class=\"elementor-element elementor-element-a7c9432 elementor-hidden-desktop elementor-hidden-tablet elementor-hidden-mobile elementor-widget elementor-widget-image\" data-id=\"a7c9432\" data-element_type=\"widget\" data-widget_type=\"image.default\">\n\t\t\t\t<div class=\"elementor-widget-container\">\n\t\t\t\t\t\t\t\t\t\t\t\t\t\t\t\t<a href=\"https:\/\/sulic.interstil.org\/en\">\n\t\t\t\t\t\t\t<img fetchpriority=\"high\" decoding=\"async\" width=\"500\" height=\"385\" src=\"https:\/\/sulic.interstil.org\/wp-content\/uploads\/2021\/02\/Dr-BANDIC_logo1.png\" class=\"elementor-animation-grow attachment-full size-full wp-image-2552\" alt=\"\" srcset=\"https:\/\/sulic.interstil.org\/wp-content\/uploads\/2021\/02\/Dr-BANDIC_logo1.png 500w, https:\/\/sulic.interstil.org\/wp-content\/uploads\/2021\/02\/Dr-BANDIC_logo1-300x231.png 300w\" sizes=\"(max-width: 500px) 100vw, 500px\" \/>\t\t\t\t\t\t\t\t<\/a>\n\t\t\t\t\t\t\t\t\t\t\t\t\t\t\t<\/div>\n\t\t\t\t<\/div>\n\t\t<div class=\"elementor-element elementor-element-9fe15d6 e-flex e-con-boxed e-con e-parent\" data-id=\"9fe15d6\" data-element_type=\"container\">\n\t\t\t\t\t<div class=\"e-con-inner\">\n\t\t\t\t\t<\/div>\n\t\t\t\t<\/div>\n\t\t\t\t<div class=\"elementor-element elementor-element-ad58d81 elementor-view-framed elementor-shape-circle elementor-widget elementor-widget-icon\" data-id=\"ad58d81\" data-element_type=\"widget\" data-widget_type=\"icon.default\">\n\t\t\t\t<div class=\"elementor-widget-container\">\n\t\t\t\t\t\t\t<div class=\"elementor-icon-wrapper\">\n\t\t\t<a class=\"elementor-icon\" href=\"#elementor-action%3Aaction%3Dpopup%3Aopen%26settings%3DeyJpZCI6IjQ0NiIsInRvZ2dsZSI6ZmFsc2V9\">\n\t\t\t<svg xmlns=\"http:\/\/www.w3.org\/2000\/svg\" width=\"300\" height=\"90\" viewbox=\"0 0 300 90\"><metadata><\/metadata><defs><style>      .cls-1 {        font-size: 50px;        fill: #fff;        text-anchor: middle;        font-family: Roboto;        font-weight: 500;      }    <\/style><\/defs><text id=\"MENU\" class=\"cls-1\" transform=\"translate(149.393 80.62) scale(2.086)\"><tspan x=\"0\">MENU<\/tspan><\/text><\/svg>\t\t\t<\/a>\n\t\t<\/div>\n\t\t\t\t\t\t<\/div>\n\t\t\t\t<\/div>\n\t\t\t\t<div class=\"elementor-element elementor-element-d3ba556 elementor-grid-1 elementor-shape-rounded e-grid-align-center elementor-widget elementor-widget-social-icons\" data-id=\"d3ba556\" data-element_type=\"widget\" data-widget_type=\"social-icons.default\">\n\t\t\t\t<div class=\"elementor-widget-container\">\n\t\t\t\t\t\t\t<div class=\"elementor-social-icons-wrapper elementor-grid\">\n\t\t\t\t\t\t\t<span class=\"elementor-grid-item\">\n\t\t\t\t\t<a class=\"elementor-icon elementor-social-icon elementor-social-icon-facebook-square elementor-animation-grow elementor-repeater-item-99446a4\" href=\"https:\/\/www.facebook.com\/poliklinikabandic%20\" target=\"_blank\">\n\t\t\t\t\t\t<span class=\"elementor-screen-only\">Facebook-square<\/span>\n\t\t\t\t\t\t<i class=\"fab fa-facebook-square\"><\/i>\t\t\t\t\t<\/a>\n\t\t\t\t<\/span>\n\t\t\t\t\t\t\t<span class=\"elementor-grid-item\">\n\t\t\t\t\t<a class=\"elementor-icon elementor-social-icon elementor-social-icon-instagram elementor-animation-grow elementor-repeater-item-c462c51\" href=\"https:\/\/www.instagram.com\/poliklinika.bandic\/%20\" target=\"_blank\">\n\t\t\t\t\t\t<span class=\"elementor-screen-only\">Instagram<\/span>\n\t\t\t\t\t\t<i class=\"fab fa-instagram\"><\/i>\t\t\t\t\t<\/a>\n\t\t\t\t<\/span>\n\t\t\t\t\t\t\t<span class=\"elementor-grid-item\">\n\t\t\t\t\t<a class=\"elementor-icon elementor-social-icon elementor-social-icon-tiktok elementor-animation-grow elementor-repeater-item-9ec1dd7\" href=\"https:\/\/www.tiktok.com\/@poliklinika_bandic\" target=\"_blank\">\n\t\t\t\t\t\t<span class=\"elementor-screen-only\">Tiktok<\/span>\n\t\t\t\t\t\t<i class=\"fab fa-tiktok\"><\/i>\t\t\t\t\t<\/a>\n\t\t\t\t<\/span>\n\t\t\t\t\t\t\t<span class=\"elementor-grid-item\">\n\t\t\t\t\t<a class=\"elementor-icon elementor-social-icon elementor-social-icon-linkedin-in elementor-animation-grow elementor-repeater-item-e93d908\" href=\"https:\/\/www.linkedin.com\/company\/poliklinikabandic\/%20\" target=\"_blank\">\n\t\t\t\t\t\t<span class=\"elementor-screen-only\">Linkedin-in<\/span>\n\t\t\t\t\t\t<i class=\"fab fa-linkedin-in\"><\/i>\t\t\t\t\t<\/a>\n\t\t\t\t<\/span>\n\t\t\t\t\t\t\t<span class=\"elementor-grid-item\">\n\t\t\t\t\t<a class=\"elementor-icon elementor-social-icon elementor-social-icon-threads elementor-animation-grow elementor-repeater-item-15db352\" href=\"https:\/\/www.threads.net\/@poliklinika.bandic\" target=\"_blank\">\n\t\t\t\t\t\t<span class=\"elementor-screen-only\">Threads<\/span>\n\t\t\t\t\t\t<i class=\"fab fa-threads\"><\/i>\t\t\t\t\t<\/a>\n\t\t\t\t<\/span>\n\t\t\t\t\t\t\t<span class=\"elementor-grid-item\">\n\t\t\t\t\t<a class=\"elementor-icon elementor-social-icon elementor-social-icon-youtube elementor-animation-grow elementor-repeater-item-e04950e\" href=\"https:\/\/www.youtube.com\/@poliklinikadentalortodontc5119\/%20\" target=\"_blank\">\n\t\t\t\t\t\t<span class=\"elementor-screen-only\">Youtube<\/span>\n\t\t\t\t\t\t<i class=\"fab fa-youtube\"><\/i>\t\t\t\t\t<\/a>\n\t\t\t\t<\/span>\n\t\t\t\t\t<\/div>\n\t\t\t\t\t\t<\/div>\n\t\t\t\t<\/div>\n\t\t\t\t\t<\/div>\n\t\t<\/div>\n\t\t\t\t\t<\/div>\n\t\t<\/header>\n\t\t\t\t<\/header>\n\t\t\t\t<\/div>\n\t\t\t\t\t\t<\/div>\n\t\t\t\t<\/div>\n\t\t\t\t\t<\/div>\n\t\t<\/nav>\n\t\t\t\t<main class=\"elementor-column elementor-col-50 elementor-top-column elementor-element elementor-element-c9fb66d\" data-id=\"c9fb66d\" data-element_type=\"column\">\n\t\t\t<div class=\"elementor-widget-wrap elementor-element-populated\">\n\t\t\t\t\t\t<section class=\"elementor-section elementor-inner-section elementor-element elementor-element-44cd6aa elementor-section-height-min-height elementor-section-content-middle elementor-section-boxed elementor-section-height-default\" data-id=\"44cd6aa\" data-element_type=\"section\" data-settings=\"{&quot;background_background&quot;:&quot;classic&quot;}\">\n\t\t\t\t\t\t\t<div class=\"elementor-background-overlay\"><\/div>\n\t\t\t\t\t\t\t<div class=\"elementor-container elementor-column-gap-default\">\n\t\t\t\t\t<div class=\"elementor-column elementor-col-100 elementor-inner-column elementor-element elementor-element-fcdf3ee\" data-id=\"fcdf3ee\" data-element_type=\"column\">\n\t\t\t<div class=\"elementor-widget-wrap elementor-element-populated\">\n\t\t\t\t\t\t<div class=\"elementor-element elementor-element-81b52a7 elementor-widget elementor-widget-heading\" data-id=\"81b52a7\" data-element_type=\"widget\" data-widget_type=\"heading.default\">\n\t\t\t\t<div class=\"elementor-widget-container\">\n\t\t\t\t\t<h1 class=\"elementor-heading-title elementor-size-default\">POLITIKA PRIVATNOSTI<\/h1>\t\t\t\t<\/div>\n\t\t\t\t<\/div>\n\t\t\t\t<div class=\"elementor-element elementor-element-6d5d182 elementor-view-framed elementor-shape-circle elementor-widget elementor-widget-icon\" data-id=\"6d5d182\" data-element_type=\"widget\" data-widget_type=\"icon.default\">\n\t\t\t\t<div class=\"elementor-widget-container\">\n\t\t\t\t\t\t\t<div class=\"elementor-icon-wrapper\">\n\t\t\t<a class=\"elementor-icon elementor-animation-pulse\" href=\"#opening\">\n\t\t\t<i aria-hidden=\"true\" class=\"fas fa-angle-double-down\"><\/i>\t\t\t<\/a>\n\t\t<\/div>\n\t\t\t\t\t\t<\/div>\n\t\t\t\t<\/div>\n\t\t\t\t\t<\/div>\n\t\t<\/div>\n\t\t\t\t\t<\/div>\n\t\t<\/section>\n\t\t\t\t<section class=\"elementor-section elementor-inner-section elementor-element elementor-element-e8e3f80 elementor-section-content-middle elementor-section-boxed elementor-section-height-default elementor-section-height-default\" data-id=\"e8e3f80\" data-element_type=\"section\">\n\t\t\t\t\t\t<div class=\"elementor-container elementor-column-gap-default\">\n\t\t\t\t\t<div class=\"elementor-column elementor-col-100 elementor-inner-column elementor-element elementor-element-c943609\" data-id=\"c943609\" data-element_type=\"column\" id=\"opening\" data-settings=\"{&quot;background_background&quot;:&quot;classic&quot;}\">\n\t\t\t<div class=\"elementor-widget-wrap elementor-element-populated\">\n\t\t\t\t\t\t<div class=\"elementor-element elementor-element-5e9406f elementor-widget elementor-widget-text-editor\" data-id=\"5e9406f\" data-element_type=\"widget\" data-widget_type=\"text-editor.default\">\n\t\t\t\t<div class=\"elementor-widget-container\">\n\t\t\t\t\t\t\t\t\t<p>Informacije koje prikupljamo slu\u017ee su u svrhu pru\u017eanja boljih usluga na\u0161im korisnicima, po\u010dev\u0161i od osnovnih stvari kao \u0161to je prepoznatljivost jezika Va\u0161eg web preglednika (Mozilla Firefox, Google Chrome i sli\u010dno), IP adrese i sli\u010dno, pa do kompleksnijih informacija koje ostavljate putem kontakt formi, formi za termine, formi za prijave za posao i drugih formi.<\/p>\n<p>Va\u0161e personalne podatke ili podatke Va\u0161e firme prikupljamo putem kontakt formi, formi za termine, formi specifi\u010dnih upitnika ili formi za posao. To su forme koje Vi svojevoljno ispunjavate kako bi ste dobili povratne informacije nazad od DOC dr. Bandi\u0107, ili kako bi ste nam uputili komentar bez zahtjeva za povratnim informacijama.<\/p>\n<p>Informacije koje dobijemo putem Va\u0161eg pristupnog ure\u0111aja uklju\u010duju IP (Internet Protokol) adresu, kola\u010di\u0107e, operativni sistem, software, tj. vrstu web preglednika i software koji specifi\u010dni pristupni ure\u0111aj, kompjuter, ili pametni telefon koristi, kao i lokacijsku IP adresu.<\/p>\n<p>Informacije se prikupljaju i \u010duvaju lokalno na ure\u0111aju pomo\u0107u mehanizama kao \u0161to su skladi\u0161tenje u web pregledniku i ke\u0161iranje (&#8220;Cache&#8221;) podataka, te se proslje\u0111uju tre\u0107im alatima Google Analytics, Google Search Console, Bing Webmasters, Google Ads i Google Marketing Platform. Kola\u010di\u0107i se mogu isklju\u010diti u web pregledniku, ali u tom slu\u010daju ne mo\u017eemo garantovati da \u0107e sve usluge pravilno raditi i da \u0107e te svim uslugama imati adekvatan pristup.<\/p>\n<p>Podatke koje prikupljamo tokom Va\u0161e posjete\u00a0doc-bandic.com koristimo kako bi Vam ispravno odgovorili na upite, komentare, zahtjeve za ponudama i zahtjeve za posao, te kako bi u\u010dinili sve potrebno da Va\u0161e iskustvo sa\u00a0doc-bandic.com bude jednostavno, bez zastoja i gre\u0161aka, te da nam te informacije pomognu da pobolj\u0161amo kori\u0161tenje na\u0161ih usluga.<\/p>\n<p>Ukoliko napravimo bilo kakvu promjenu unutar Politike privatnosti korisnike \u0107emo javno obavijestiti putem obavijesti na web stranici doc-bandic.com, a prethodna verzija Politike privatnosti \u0107e biti zadr\u017eana i arhivirana.<\/p>\t\t\t\t\t\t\t\t<\/div>\n\t\t\t\t<\/div>\n\t\t\t\t\t<\/div>\n\t\t<\/div>\n\t\t\t\t\t<\/div>\n\t\t<\/section>\n\t\t\t\t\t<\/div>\n\t\t<\/main>\n\t\t\t\t\t<\/div>\n\t\t<\/section>\n\t\t\t\t<\/div>","protected":false},"excerpt":{"rendered":"<p>POLITIKA PRIVATNOSTI Informacije koje prikupljamo slu\u017ee su u svrhu pru\u017eanja boljih usluga na\u0161im korisnicima, po\u010dev\u0161i od osnovnih stvari kao \u0161to je prepoznatljivost jezika Va\u0161eg web preglednika (Mozilla Firefox, Google Chrome i sli\u010dno), IP adrese i sli\u010dno, pa do kompleksnijih informacija koje ostavljate putem kontakt formi, formi za termine, formi za prijave za posao i drugih [&hellip;]<\/p>","protected":false},"author":1,"featured_media":1737,"parent":0,"menu_order":82,"comment_status":"closed","ping_status":"closed","template":"","meta":{"footnotes":""},"yst_prominent_words":[],"class_list":["post-3","page","type-page","status-publish","has-post-thumbnail","hentry"],"_links":{"self":[{"href":"https:\/\/sulic.interstil.org\/en\/wp-json\/wp\/v2\/pages\/3","targetHints":{"allow":["GET"]}}],"collection":[{"href":"https:\/\/sulic.interstil.org\/en\/wp-json\/wp\/v2\/pages"}],"about":[{"href":"https:\/\/sulic.interstil.org\/en\/wp-json\/wp\/v2\/types\/page"}],"author":[{"embeddable":true,"href":"https:\/\/sulic.interstil.org\/en\/wp-json\/wp\/v2\/users\/1"}],"replies":[{"embeddable":true,"href":"https:\/\/sulic.interstil.org\/en\/wp-json\/wp\/v2\/comments?post=3"}],"version-history":[{"count":0,"href":"https:\/\/sulic.interstil.org\/en\/wp-json\/wp\/v2\/pages\/3\/revisions"}],"wp:featuredmedia":[{"embeddable":true,"href":"https:\/\/sulic.interstil.org\/en\/wp-json\/wp\/v2\/media\/1737"}],"wp:attachment":[{"href":"https:\/\/sulic.interstil.org\/en\/wp-json\/wp\/v2\/media?parent=3"}],"wp:term":[{"taxonomy":"yst_prominent_words","embeddable":true,"href":"https:\/\/sulic.interstil.org\/en\/wp-json\/wp\/v2\/yst_prominent_words?post=3"}],"curies":[{"name":"wp","href":"https:\/\/api.w.org\/{rel}","templated":true}]}}