{"id":44,"date":"2021-01-01T00:00:40","date_gmt":"2020-12-31T23:00:40","guid":{"rendered":"https:\/\/sulic.interstil.org\/?page_id=44"},"modified":"2021-05-23T21:46:00","modified_gmt":"2021-05-23T19:46:00","slug":"uslovi-koristenja","status":"publish","type":"page","link":"https:\/\/sulic.interstil.org\/en\/uslovi-koristenja\/","title":{"rendered":"Terms of Use"},"content":{"rendered":"<div data-elementor-type=\"wp-page\" data-elementor-id=\"44\" class=\"elementor elementor-44\" data-elementor-post-type=\"page\">\n\t\t\t\t\t\t<section class=\"elementor-section elementor-top-section elementor-element elementor-element-a53618c elementor-section-full_width elementor-section-height-default elementor-section-height-default\" data-id=\"a53618c\" data-element_type=\"section\">\n\t\t\t\t\t\t<div class=\"elementor-container elementor-column-gap-no\">\n\t\t\t\t\t<nav class=\"elementor-column elementor-col-50 elementor-top-column elementor-element elementor-element-77e931d elementor-hidden-phone\" data-id=\"77e931d\" data-element_type=\"column\">\n\t\t\t<div class=\"elementor-widget-wrap elementor-element-populated\">\n\t\t\t\t\t\t<div class=\"elementor-element elementor-element-39af0bd elementor-widget elementor-widget-template\" data-id=\"39af0bd\" data-element_type=\"widget\" data-settings=\"{&quot;sticky&quot;:&quot;top&quot;,&quot;sticky_on&quot;:[&quot;desktop&quot;,&quot;tablet&quot;],&quot;sticky_offset&quot;:0,&quot;sticky_effects_offset&quot;:0,&quot;sticky_anchor_link_offset&quot;:0}\" data-widget_type=\"template.default\">\n\t\t\t\t<div class=\"elementor-widget-container\">\n\t\t\t\t\t\t\t<div class=\"elementor-template\">\n\t\t\t\t\t<header data-elementor-type=\"section\" data-elementor-id=\"249\" class=\"elementor elementor-249\" data-elementor-post-type=\"elementor_library\">\n\t\t\t\t\t<header class=\"elementor-section elementor-top-section elementor-element elementor-element-816d4e9 elementor-section-full_width elementor-section-height-min-height elementor-section-items-stretch elementor-section-content-space-between elementor-hidden-mobile elementor-section-height-default\" data-id=\"816d4e9\" data-element_type=\"section\" data-settings=\"{&quot;background_background&quot;:&quot;classic&quot;}\">\n\t\t\t\t\t\t<div class=\"elementor-container elementor-column-gap-no\">\n\t\t\t\t\t<div class=\"elementor-column elementor-col-100 elementor-top-column elementor-element elementor-element-a1e7cbf\" data-id=\"a1e7cbf\" data-element_type=\"column\">\n\t\t\t<div class=\"elementor-widget-wrap elementor-element-populated\">\n\t\t\t\t\t\t<div class=\"elementor-element elementor-element-a7c9432 elementor-hidden-desktop elementor-hidden-tablet elementor-hidden-mobile elementor-widget elementor-widget-image\" data-id=\"a7c9432\" data-element_type=\"widget\" data-widget_type=\"image.default\">\n\t\t\t\t<div class=\"elementor-widget-container\">\n\t\t\t\t\t\t\t\t\t\t\t\t\t\t\t\t<a href=\"https:\/\/sulic.interstil.org\/en\">\n\t\t\t\t\t\t\t<img fetchpriority=\"high\" decoding=\"async\" width=\"500\" height=\"385\" src=\"https:\/\/sulic.interstil.org\/wp-content\/uploads\/2021\/02\/Dr-BANDIC_logo1.png\" class=\"elementor-animation-grow attachment-full size-full wp-image-2552\" alt=\"\" srcset=\"https:\/\/sulic.interstil.org\/wp-content\/uploads\/2021\/02\/Dr-BANDIC_logo1.png 500w, https:\/\/sulic.interstil.org\/wp-content\/uploads\/2021\/02\/Dr-BANDIC_logo1-300x231.png 300w\" sizes=\"(max-width: 500px) 100vw, 500px\" \/>\t\t\t\t\t\t\t\t<\/a>\n\t\t\t\t\t\t\t\t\t\t\t\t\t\t\t<\/div>\n\t\t\t\t<\/div>\n\t\t<div class=\"elementor-element elementor-element-9fe15d6 e-flex e-con-boxed e-con e-parent\" data-id=\"9fe15d6\" data-element_type=\"container\">\n\t\t\t\t\t<div class=\"e-con-inner\">\n\t\t\t\t\t<\/div>\n\t\t\t\t<\/div>\n\t\t\t\t<div class=\"elementor-element elementor-element-ad58d81 elementor-view-framed elementor-shape-circle elementor-widget elementor-widget-icon\" data-id=\"ad58d81\" data-element_type=\"widget\" data-widget_type=\"icon.default\">\n\t\t\t\t<div class=\"elementor-widget-container\">\n\t\t\t\t\t\t\t<div class=\"elementor-icon-wrapper\">\n\t\t\t<a class=\"elementor-icon\" href=\"#elementor-action%3Aaction%3Dpopup%3Aopen%26settings%3DeyJpZCI6IjQ0NiIsInRvZ2dsZSI6ZmFsc2V9\">\n\t\t\t<svg xmlns=\"http:\/\/www.w3.org\/2000\/svg\" width=\"300\" height=\"90\" viewbox=\"0 0 300 90\"><metadata><\/metadata><defs><style>      .cls-1 {        font-size: 50px;        fill: #fff;        text-anchor: middle;        font-family: Roboto;        font-weight: 500;      }    <\/style><\/defs><text id=\"MENU\" class=\"cls-1\" transform=\"translate(149.393 80.62) scale(2.086)\"><tspan x=\"0\">MENU<\/tspan><\/text><\/svg>\t\t\t<\/a>\n\t\t<\/div>\n\t\t\t\t\t\t<\/div>\n\t\t\t\t<\/div>\n\t\t\t\t<div class=\"elementor-element elementor-element-d3ba556 elementor-grid-1 elementor-shape-rounded e-grid-align-center elementor-widget elementor-widget-social-icons\" data-id=\"d3ba556\" data-element_type=\"widget\" data-widget_type=\"social-icons.default\">\n\t\t\t\t<div class=\"elementor-widget-container\">\n\t\t\t\t\t\t\t<div class=\"elementor-social-icons-wrapper elementor-grid\">\n\t\t\t\t\t\t\t<span class=\"elementor-grid-item\">\n\t\t\t\t\t<a class=\"elementor-icon elementor-social-icon elementor-social-icon-facebook-square elementor-animation-grow elementor-repeater-item-99446a4\" href=\"https:\/\/www.facebook.com\/poliklinikabandic%20\" target=\"_blank\">\n\t\t\t\t\t\t<span class=\"elementor-screen-only\">Facebook-square<\/span>\n\t\t\t\t\t\t<i class=\"fab fa-facebook-square\"><\/i>\t\t\t\t\t<\/a>\n\t\t\t\t<\/span>\n\t\t\t\t\t\t\t<span class=\"elementor-grid-item\">\n\t\t\t\t\t<a class=\"elementor-icon elementor-social-icon elementor-social-icon-instagram elementor-animation-grow elementor-repeater-item-c462c51\" href=\"https:\/\/www.instagram.com\/poliklinika.bandic\/%20\" target=\"_blank\">\n\t\t\t\t\t\t<span class=\"elementor-screen-only\">Instagram<\/span>\n\t\t\t\t\t\t<i class=\"fab fa-instagram\"><\/i>\t\t\t\t\t<\/a>\n\t\t\t\t<\/span>\n\t\t\t\t\t\t\t<span class=\"elementor-grid-item\">\n\t\t\t\t\t<a class=\"elementor-icon elementor-social-icon elementor-social-icon-tiktok elementor-animation-grow elementor-repeater-item-9ec1dd7\" href=\"https:\/\/www.tiktok.com\/@poliklinika_bandic\" target=\"_blank\">\n\t\t\t\t\t\t<span class=\"elementor-screen-only\">Tiktok<\/span>\n\t\t\t\t\t\t<i class=\"fab fa-tiktok\"><\/i>\t\t\t\t\t<\/a>\n\t\t\t\t<\/span>\n\t\t\t\t\t\t\t<span class=\"elementor-grid-item\">\n\t\t\t\t\t<a class=\"elementor-icon elementor-social-icon elementor-social-icon-linkedin-in elementor-animation-grow elementor-repeater-item-e93d908\" href=\"https:\/\/www.linkedin.com\/company\/poliklinikabandic\/%20\" target=\"_blank\">\n\t\t\t\t\t\t<span class=\"elementor-screen-only\">Linkedin-in<\/span>\n\t\t\t\t\t\t<i class=\"fab fa-linkedin-in\"><\/i>\t\t\t\t\t<\/a>\n\t\t\t\t<\/span>\n\t\t\t\t\t\t\t<span class=\"elementor-grid-item\">\n\t\t\t\t\t<a class=\"elementor-icon elementor-social-icon elementor-social-icon-threads elementor-animation-grow elementor-repeater-item-15db352\" href=\"https:\/\/www.threads.net\/@poliklinika.bandic\" target=\"_blank\">\n\t\t\t\t\t\t<span class=\"elementor-screen-only\">Threads<\/span>\n\t\t\t\t\t\t<i class=\"fab fa-threads\"><\/i>\t\t\t\t\t<\/a>\n\t\t\t\t<\/span>\n\t\t\t\t\t\t\t<span class=\"elementor-grid-item\">\n\t\t\t\t\t<a class=\"elementor-icon elementor-social-icon elementor-social-icon-youtube elementor-animation-grow elementor-repeater-item-e04950e\" href=\"https:\/\/www.youtube.com\/@poliklinikadentalortodontc5119\/%20\" target=\"_blank\">\n\t\t\t\t\t\t<span class=\"elementor-screen-only\">Youtube<\/span>\n\t\t\t\t\t\t<i class=\"fab fa-youtube\"><\/i>\t\t\t\t\t<\/a>\n\t\t\t\t<\/span>\n\t\t\t\t\t<\/div>\n\t\t\t\t\t\t<\/div>\n\t\t\t\t<\/div>\n\t\t\t\t\t<\/div>\n\t\t<\/div>\n\t\t\t\t\t<\/div>\n\t\t<\/header>\n\t\t\t\t<\/header>\n\t\t\t\t<\/div>\n\t\t\t\t\t\t<\/div>\n\t\t\t\t<\/div>\n\t\t\t\t\t<\/div>\n\t\t<\/nav>\n\t\t\t\t<main class=\"elementor-column elementor-col-50 elementor-top-column elementor-element elementor-element-2a92ccc\" data-id=\"2a92ccc\" data-element_type=\"column\">\n\t\t\t<div class=\"elementor-widget-wrap elementor-element-populated\">\n\t\t\t\t\t\t<section class=\"elementor-section elementor-inner-section elementor-element elementor-element-d713af8 elementor-section-height-min-height elementor-section-content-middle elementor-section-boxed elementor-section-height-default\" data-id=\"d713af8\" data-element_type=\"section\" data-settings=\"{&quot;background_background&quot;:&quot;classic&quot;}\">\n\t\t\t\t\t\t\t<div class=\"elementor-background-overlay\"><\/div>\n\t\t\t\t\t\t\t<div class=\"elementor-container elementor-column-gap-default\">\n\t\t\t\t\t<div class=\"elementor-column elementor-col-100 elementor-inner-column elementor-element elementor-element-3cd5b58\" data-id=\"3cd5b58\" data-element_type=\"column\">\n\t\t\t<div class=\"elementor-widget-wrap elementor-element-populated\">\n\t\t\t\t\t\t<div class=\"elementor-element elementor-element-04d6e9d elementor-widget elementor-widget-heading\" data-id=\"04d6e9d\" data-element_type=\"widget\" data-widget_type=\"heading.default\">\n\t\t\t\t<div class=\"elementor-widget-container\">\n\t\t\t\t\t<h1 class=\"elementor-heading-title elementor-size-default\">Terms of Use<\/h1>\t\t\t\t<\/div>\n\t\t\t\t<\/div>\n\t\t\t\t<div class=\"elementor-element elementor-element-0f36a46 elementor-view-framed elementor-shape-circle elementor-widget elementor-widget-icon\" data-id=\"0f36a46\" data-element_type=\"widget\" data-widget_type=\"icon.default\">\n\t\t\t\t<div class=\"elementor-widget-container\">\n\t\t\t\t\t\t\t<div class=\"elementor-icon-wrapper\">\n\t\t\t<a class=\"elementor-icon elementor-animation-pulse\" href=\"#opening\">\n\t\t\t<i aria-hidden=\"true\" class=\"fas fa-angle-double-down\"><\/i>\t\t\t<\/a>\n\t\t<\/div>\n\t\t\t\t\t\t<\/div>\n\t\t\t\t<\/div>\n\t\t\t\t\t<\/div>\n\t\t<\/div>\n\t\t\t\t\t<\/div>\n\t\t<\/section>\n\t\t\t\t<section class=\"elementor-section elementor-inner-section elementor-element elementor-element-1deeee2 elementor-section-content-middle elementor-section-boxed elementor-section-height-default elementor-section-height-default\" data-id=\"1deeee2\" data-element_type=\"section\">\n\t\t\t\t\t\t<div class=\"elementor-container elementor-column-gap-default\">\n\t\t\t\t\t<div class=\"elementor-column elementor-col-100 elementor-inner-column elementor-element elementor-element-6ffe96f\" data-id=\"6ffe96f\" data-element_type=\"column\" id=\"opening\" data-settings=\"{&quot;background_background&quot;:&quot;classic&quot;}\">\n\t\t\t<div class=\"elementor-widget-wrap elementor-element-populated\">\n\t\t\t\t\t\t<div class=\"elementor-element elementor-element-62d5adf elementor-widget elementor-widget-text-editor\" data-id=\"62d5adf\" data-element_type=\"widget\" data-widget_type=\"text-editor.default\">\n\t\t\t\t<div class=\"elementor-widget-container\">\n\t\t\t\t\t\t\t\t\t<p>Kori\u0161tenje web stranice doc-bandic.com, po\u010dev\u0161i od samog pregleda dostupnog sadr\u017eaja stranice podrazumjeva da se u cjelosti sla\u017eete sa uslovima kori\u0161tenja. Molimo Vas da pro\u010ditajte detaljne Uslove kori\u0161tenja u nastavku. Hvala na razumijevanju.<\/p><p>Uslovi kori\u0161tenja se odre\u0111uju za interakciju izme\u0111u korisnika (posjetioca\/klijenata) web stranice i DOC dr. Bandi\u0107. Glavna doc-bandic.com web stranica je sastavljena od razli\u010ditih pojedina\u010dnih web stranica (pod-stranica) kojima upravlja doc-bandic.com. doc-bandic.com web stranica je dostupna za posjetu i interakciju putem informativnog sadr\u017eaja, dinami\u010dkih web elemenata, ili razli\u010ditih formi, a kori\u0161tenje web stranice doc-bandic.com od strane korisnika bazira se na prihvatanju, bez modifikacije, svih uslova kori\u0161tenja koji su predstavljeni ovdje.<\/p><p>DOC dr. Bandi\u0107 zadr\u017eava pravo da promjeni uslove kori\u0161tenja pod kojima nudi i omogu\u0107ava\u00a0doc-bandic.com web stranicu korisnicima i da iste uslove aplicira bez prethodne najave.<\/p><p>DOC dr. Bandi\u0107 web stranica mo\u017ee sadr\u017eavati veze ili linkove prema drugim web stranicama koje nisu pod kontrolom doc-bandic.com. Za takve web stranice DOC dr. Bandi\u0107 ne snosi odgovornost niti ima kontrolu po pitanju sadr\u017eaja, veza (linkova) na tim web stranicama i informacija uop\u0161te. DOC dr. Bandi\u0107 omogu\u0107ava veze sa eksternim stranicama u cilju eventualnih pogodnosti i dodatnih informacija koje mogu imati za korisnike DOC dr. Bandi\u0107 web stranice i eksternih web stranica.<\/p><p>Kao uslov kori\u0161tenja, korisnik se obavezuje da DOC dr. Bandi\u0107 web stranicu, kompletan sadr\u017eaj, njene proizvode ili usluge ne\u0107e koristiti u nezakonite ili zabranjene svrhe. Korisnik svojim direktnim ili indirektnim djelovanjem ne smije ni na koji na\u010din onemogu\u0107iti, preopteretiti, naru\u0161iti, usporiti i obezvrijediti funkcionisanje DOC dr. Bandi\u0107, a tako\u0111er ne smije onemogu\u0107iti kori\u0161tenje DOC dr. Bandi\u0107 drugim korisnicima. Korisnik ne mo\u017ee i ne smije koristiti bilo kakve informacije sa DOC dr. Bandi\u0107 izuzev onih koje su mu namjenski omogu\u0107ene kroz DOC dr. Bandi\u0107.<\/p><p>DOC dr. Bandi\u0107 nije\u00a0vlasnik informacija, sadr\u017eaja, slika, video sadr\u017eaja i ostalih informacija koje korisnici proslje\u0111uju prema DOC dr. Bandi\u0107 u svrhu tra\u017eenja odgovora, dobijanja informacija i upita o zaposlenju.<\/p><p>DOC dr. Bandi\u0107\u00a0je vlasnik informacija, sadr\u017eaja, slika, video sadr\u017eaja i ostalih informacija koje korisnici\u00a0mogu prona\u0107i na web stranici\u00a0doc-bandic.com u svrhu tra\u017eenja odgovora, dobijanja informacija i upita o zaposlenju.<\/p><p>Ukoliko se desi da se u sadr\u017eaju web stranice pojavi gramati\u010dka, tipografska, ili pojedina konfiguracijska pogre\u0161ka, istu \u0107emo detaljno pregledati i otkloniti kako bi sadr\u017eaj koji se nudi korisniku uvijek bio adekvatan, ta\u010dan i a\u017euran.\u00a0U najve\u0107oj mjeri, u okviru va\u017ee\u0107eg zakona, DOC dr. Bandi\u0107 ne\u0107e biti odgovoran za direktne ili indirektne slu\u010dajeve nastalih \u0161teta, koje uklju\u010duju, ali nisu limitirane na \u0161tete gubitka podataka, gubitak profita (koji mo\u017ee biti povezan sa korisni\u010dkim kori\u0161tenjem\u00a0doc-bandic.com kao korisnik-posjetioc), gubitak performansi web stranice, usporavanje web stranice, nedostupnost\u00a0doc-bandic.com proizvoda i usluga, nedostupnost\u00a0web stranice.<\/p><p>Ukoliko se iz bilo kojeg razloga ne sla\u017eete sa dijelom ili u cijelosti sa Uslovima Kori\u0161tenja, mo\u017eete svojevoljno prestati koristiti\u00a0doc-bandic.com web stranicu\u00a0te povezane\u00a0proizvode i usluge. Tako\u0111er, ukoliko korisnik povrijedi pravila iz Uslova Kori\u0161tenja, dijelom ili cijelosti, nehotice ili sa namjerom, DOC dr. Bandi\u0107 zadr\u017eava pravo da korisniku zabrani i onemogu\u0107i pristup\u00a0doc-bandic.com web stranici bez prethodne najave.<\/p>\t\t\t\t\t\t\t\t<\/div>\n\t\t\t\t<\/div>\n\t\t\t\t\t<\/div>\n\t\t<\/div>\n\t\t\t\t\t<\/div>\n\t\t<\/section>\n\t\t\t\t\t<\/div>\n\t\t<\/main>\n\t\t\t\t\t<\/div>\n\t\t<\/section>\n\t\t\t\t<\/div>","protected":false},"excerpt":{"rendered":"<p>Uslovi kori\u0161tenja Kori\u0161tenje web stranice doc-bandic.com, po\u010dev\u0161i od samog pregleda dostupnog sadr\u017eaja stranice podrazumjeva da se u cjelosti sla\u017eete sa uslovima kori\u0161tenja. Molimo Vas da pro\u010ditajte detaljne Uslove kori\u0161tenja u nastavku. Hvala na razumijevanju. Uslovi kori\u0161tenja se odre\u0111uju za interakciju izme\u0111u korisnika (posjetioca\/klijenata) web stranice i DOC dr. Bandi\u0107. Glavna doc-bandic.com web stranica je sastavljena [&hellip;]<\/p>","protected":false},"author":1,"featured_media":1737,"parent":0,"menu_order":81,"comment_status":"closed","ping_status":"closed","template":"","meta":{"footnotes":""},"yst_prominent_words":[],"class_list":["post-44","page","type-page","status-publish","has-post-thumbnail","hentry"],"_links":{"self":[{"href":"https:\/\/sulic.interstil.org\/en\/wp-json\/wp\/v2\/pages\/44","targetHints":{"allow":["GET"]}}],"collection":[{"href":"https:\/\/sulic.interstil.org\/en\/wp-json\/wp\/v2\/pages"}],"about":[{"href":"https:\/\/sulic.interstil.org\/en\/wp-json\/wp\/v2\/types\/page"}],"author":[{"embeddable":true,"href":"https:\/\/sulic.interstil.org\/en\/wp-json\/wp\/v2\/users\/1"}],"replies":[{"embeddable":true,"href":"https:\/\/sulic.interstil.org\/en\/wp-json\/wp\/v2\/comments?post=44"}],"version-history":[{"count":0,"href":"https:\/\/sulic.interstil.org\/en\/wp-json\/wp\/v2\/pages\/44\/revisions"}],"wp:featuredmedia":[{"embeddable":true,"href":"https:\/\/sulic.interstil.org\/en\/wp-json\/wp\/v2\/media\/1737"}],"wp:attachment":[{"href":"https:\/\/sulic.interstil.org\/en\/wp-json\/wp\/v2\/media?parent=44"}],"wp:term":[{"taxonomy":"yst_prominent_words","embeddable":true,"href":"https:\/\/sulic.interstil.org\/en\/wp-json\/wp\/v2\/yst_prominent_words?post=44"}],"curies":[{"name":"wp","href":"https:\/\/api.w.org\/{rel}","templated":true}]}}